{"id":31795,"date":"2026-05-05T22:00:53","date_gmt":"2026-05-05T20:00:53","guid":{"rendered":"https:\/\/omnom.com.pl\/?post_type=product&#038;p=31795"},"modified":"2026-05-05T22:11:06","modified_gmt":"2026-05-05T20:11:06","slug":"bukiet-piwoniowych-roz-galazkowych-sweet-giselle","status":"publish","type":"product","link":"https:\/\/omnom.com.pl\/ua\/product\/bukiet-piwoniowych-roz-galazkowych-sweet-giselle\/","title":{"rendered":"Bukiet piwoniowych r\u00f3\u017c ga\u0142\u0105zkowych Sweet Giselle"},"content":{"rendered":"<p>\u041a\u043e\u0436\u0435\u043d \u0431\u0443\u043a\u0435\u0442 \u0434\u043e\u0441\u0442\u0430\u0432\u043b\u044f\u0454\u0442\u044c\u0441\u044f \u0432 \u0430\u043a\u0432\u0430\u0431\u043e\u043a\u0441\u0456, \u044f\u043a\u0438\u0439 \u0437\u0430\u0431\u0435\u0437\u043f\u0435\u0447\u0443\u0454 \u043d\u0430\u043b\u0435\u0436\u043d\u0435 \u0437\u0432\u043e\u043b\u043e\u0436\u0435\u043d\u043d\u044f \u043a\u0432\u0456\u0442\u0456\u0432, \u0456 \u0432 \u0435\u043b\u0435\u0433\u0430\u043d\u0442\u043d\u0456\u0439 \u0442\u0440\u0430\u043d\u0441\u043f\u043e\u0440\u0442\u043d\u0456\u0439 \u0441\u0443\u043c\u0446\u0456, \u0449\u043e \u0433\u0430\u0440\u0430\u043d\u0442\u0443\u0454 \u0431\u0435\u0437\u043f\u0435\u0447\u043d\u0435 \u0456 \u0435\u0441\u0442\u0435\u0442\u0438\u0447\u043d\u0435 \u0442\u0440\u0430\u043d\u0441\u043f\u043e\u0440\u0442\u0443\u0432\u0430\u043d\u043d\u044f.<\/p>","protected":false},"excerpt":{"rendered":"<h5>Sweet Giselle<!-- notionvc: 2025351b-8304-4bbf-a5b0-df67718e88f0 --><br \/>\n<!-- notionvc: 3b139391-3103-4596-aa11-3f75c4836bab --><\/h5>\n<p>Luksusowa kompozycja z wyj\u0105tkowych piwoniowych r\u00f3\u017c krzaczastych Sweet Giselle. Ich bujne, wielop\u0142atkowe kwiaty w delikatnej kremowo-r\u00f3\u017cowej tonacji tworz\u0105 bukiet pe\u0142en elegancji, kobieco\u015bci i ponadczasowego pi\u0119kna. Idealny na urodziny, Dzie\u0144 Matki, rocznic\u0119 lub ka\u017cd\u0105 chwil\u0119, gdy chcesz powiedzie\u0107 \u2014 jeste\u015b wyj\u0105tkowa.<!-- notionvc: 8a5572f5-5488-4dc6-a4f2-ff5bd99970bd --><br \/>\n<!-- notionvc: c15e535c-6d90-478f-8506-dfd0dc458279 --><\/p>\n<p><strong>\u041d\u0430 \u0444\u043e\u0442\u043e\u00a0<\/strong>kompozycja z 29 szt<\/p>","protected":false},"featured_media":31806,"template":"","meta":[],"product_brand":[],"product_cat":[33,30],"product_tag":[],"class_list":{"0":"post-31795","1":"product","2":"type-product","3":"status-publish","4":"has-post-thumbnail","6":"product_cat-monobukiety","7":"product_cat-kwiaty","9":"first","10":"instock","11":"shipping-taxable","12":"purchasable","13":"product-type-variable"},"aioseo_notices":[],"_links":{"self":[{"href":"https:\/\/omnom.com.pl\/ua\/wp-json\/wp\/v2\/product\/31795","targetHints":{"allow":["GET"]}}],"collection":[{"href":"https:\/\/omnom.com.pl\/ua\/wp-json\/wp\/v2\/product"}],"about":[{"href":"https:\/\/omnom.com.pl\/ua\/wp-json\/wp\/v2\/types\/product"}],"version-history":[{"count":0,"href":"https:\/\/omnom.com.pl\/ua\/wp-json\/wp\/v2\/product\/31795\/revisions"}],"wp:featuredmedia":[{"embeddable":true,"href":"https:\/\/omnom.com.pl\/ua\/wp-json\/wp\/v2\/media\/31806"}],"wp:attachment":[{"href":"https:\/\/omnom.com.pl\/ua\/wp-json\/wp\/v2\/media?parent=31795"}],"wp:term":[{"taxonomy":"product_brand","embeddable":true,"href":"https:\/\/omnom.com.pl\/ua\/wp-json\/wp\/v2\/product_brand?post=31795"},{"taxonomy":"product_cat","embeddable":true,"href":"https:\/\/omnom.com.pl\/ua\/wp-json\/wp\/v2\/product_cat?post=31795"},{"taxonomy":"product_tag","embeddable":true,"href":"https:\/\/omnom.com.pl\/ua\/wp-json\/wp\/v2\/product_tag?post=31795"}],"curies":[{"name":"wp","href":"https:\/\/api.w.org\/{rel}","templated":true}]}}