{"id":31750,"date":"2026-05-05T17:12:32","date_gmt":"2026-05-05T15:12:32","guid":{"rendered":"https:\/\/omnom.com.pl\/?post_type=product&#038;p=31750"},"modified":"2026-05-05T17:16:25","modified_gmt":"2026-05-05T15:16:25","slug":"bukiet-z-chryzantem-momoko-eustom-i-roz-piwoniowych","status":"publish","type":"product","link":"https:\/\/omnom.com.pl\/ua\/product\/bukiet-z-chryzantem-momoko-eustom-i-roz-piwoniowych\/","title":{"rendered":"Bukiet z chryzantem Momoko, eustom i r\u00f3\u017c piwoniowych"},"content":{"rendered":"<p>\u041a\u043e\u0436\u0435\u043d \u0431\u0443\u043a\u0435\u0442 \u0434\u043e\u0441\u0442\u0430\u0432\u043b\u044f\u0454\u0442\u044c\u0441\u044f \u0432 \u0430\u043a\u0432\u0430\u0431\u043e\u043a\u0441\u0456, \u044f\u043a\u0438\u0439 \u0437\u0430\u0431\u0435\u0437\u043f\u0435\u0447\u0443\u0454 \u043d\u0430\u043b\u0435\u0436\u043d\u0435 \u0437\u0432\u043e\u043b\u043e\u0436\u0435\u043d\u043d\u044f \u043a\u0432\u0456\u0442\u0456\u0432, \u0456 \u0432 \u0435\u043b\u0435\u0433\u0430\u043d\u0442\u043d\u0456\u0439 \u0442\u0440\u0430\u043d\u0441\u043f\u043e\u0440\u0442\u043d\u0456\u0439 \u0441\u0443\u043c\u0446\u0456, \u0449\u043e \u0433\u0430\u0440\u0430\u043d\u0442\u0443\u0454 \u0431\u0435\u0437\u043f\u0435\u0447\u043d\u0435 \u0456 \u0435\u0441\u0442\u0435\u0442\u0438\u0447\u043d\u0435 \u0442\u0440\u0430\u043d\u0441\u043f\u043e\u0440\u0442\u0443\u0432\u0430\u043d\u043d\u044f.<\/p>","protected":false},"excerpt":{"rendered":"<h5>Cream &amp; Blush<!-- notionvc: 537f22ab-14bc-44f3-94c3-4d41edfdde3d --><br \/>\n<!-- notionvc: 3b139391-3103-4596-aa11-3f75c4836bab --><\/h5>\n<p>Wyrafinowana kompozycja utrzymana w delikatnej, pastelowej tonacji. Puszyste r\u00f3\u017cowe chryzantemy Momoko, zwiewne bia\u0142e eustomy i kremowe be\u017cowe r\u00f3\u017ce piwoniowe tworz\u0105 razem bukiet pe\u0142en kobieco\u015bci, elegancji i wiosennej \u015bwie\u017co\u015bci. Idealny na urodziny, Dzie\u0144 Matki, rocznic\u0119 lub ka\u017cd\u0105 wyj\u0105tkow\u0105 chwil\u0119.<!-- notionvc: 5c3aeb5c-44cc-43ce-a504-e6b49c510c20 --><br \/>\n<!-- notionvc: c15e535c-6d90-478f-8506-dfd0dc458279 --><\/p>\n<p><strong>\u041d\u0430 \u0444\u043e\u0442\u043e\u00a0<\/strong>\u043a\u043e\u043c\u043f\u043e\u0437\u0438\u0446\u0456\u044f \u0437\u0430 \u0440\u043e\u0437\u043c\u0456\u0440\u043e\u043c \u041d\u0435\u0432\u0435\u043b\u0438\u043a\u0430<\/p>","protected":false},"featured_media":31755,"template":"","meta":[],"product_brand":[],"product_cat":[31,30],"product_tag":[],"class_list":{"0":"post-31750","1":"product","2":"type-product","3":"status-publish","4":"has-post-thumbnail","6":"product_cat-mixy","7":"product_cat-kwiaty","9":"first","10":"instock","11":"shipping-taxable","12":"purchasable","13":"product-type-variable"},"aioseo_notices":[],"_links":{"self":[{"href":"https:\/\/omnom.com.pl\/ua\/wp-json\/wp\/v2\/product\/31750","targetHints":{"allow":["GET"]}}],"collection":[{"href":"https:\/\/omnom.com.pl\/ua\/wp-json\/wp\/v2\/product"}],"about":[{"href":"https:\/\/omnom.com.pl\/ua\/wp-json\/wp\/v2\/types\/product"}],"version-history":[{"count":0,"href":"https:\/\/omnom.com.pl\/ua\/wp-json\/wp\/v2\/product\/31750\/revisions"}],"wp:featuredmedia":[{"embeddable":true,"href":"https:\/\/omnom.com.pl\/ua\/wp-json\/wp\/v2\/media\/31755"}],"wp:attachment":[{"href":"https:\/\/omnom.com.pl\/ua\/wp-json\/wp\/v2\/media?parent=31750"}],"wp:term":[{"taxonomy":"product_brand","embeddable":true,"href":"https:\/\/omnom.com.pl\/ua\/wp-json\/wp\/v2\/product_brand?post=31750"},{"taxonomy":"product_cat","embeddable":true,"href":"https:\/\/omnom.com.pl\/ua\/wp-json\/wp\/v2\/product_cat?post=31750"},{"taxonomy":"product_tag","embeddable":true,"href":"https:\/\/omnom.com.pl\/ua\/wp-json\/wp\/v2\/product_tag?post=31750"}],"curies":[{"name":"wp","href":"https:\/\/api.w.org\/{rel}","templated":true}]}}