{"id":31741,"date":"2026-05-05T17:06:38","date_gmt":"2026-05-05T15:06:38","guid":{"rendered":"https:\/\/omnom.com.pl\/?post_type=product&#038;p=31741"},"modified":"2026-05-05T17:09:49","modified_gmt":"2026-05-05T15:09:49","slug":"bukiet-z-hortensji-piwoniowych-roz-i-gozdzikow","status":"publish","type":"product","link":"https:\/\/omnom.com.pl\/ua\/product\/bukiet-z-hortensji-piwoniowych-roz-i-gozdzikow\/","title":{"rendered":"Bukiet z hortensji, piwoniowych r\u00f3\u017c i go\u017adzik\u00f3w"},"content":{"rendered":"<p>\u041a\u043e\u0436\u0435\u043d \u0431\u0443\u043a\u0435\u0442 \u0434\u043e\u0441\u0442\u0430\u0432\u043b\u044f\u0454\u0442\u044c\u0441\u044f \u0432 \u0430\u043a\u0432\u0430\u0431\u043e\u043a\u0441\u0456, \u044f\u043a\u0438\u0439 \u0437\u0430\u0431\u0435\u0437\u043f\u0435\u0447\u0443\u0454 \u043d\u0430\u043b\u0435\u0436\u043d\u0435 \u0437\u0432\u043e\u043b\u043e\u0436\u0435\u043d\u043d\u044f \u043a\u0432\u0456\u0442\u0456\u0432, \u0456 \u0432 \u0435\u043b\u0435\u0433\u0430\u043d\u0442\u043d\u0456\u0439 \u0442\u0440\u0430\u043d\u0441\u043f\u043e\u0440\u0442\u043d\u0456\u0439 \u0441\u0443\u043c\u0446\u0456, \u0449\u043e \u0433\u0430\u0440\u0430\u043d\u0442\u0443\u0454 \u0431\u0435\u0437\u043f\u0435\u0447\u043d\u0435 \u0456 \u0435\u0441\u0442\u0435\u0442\u0438\u0447\u043d\u0435 \u0442\u0440\u0430\u043d\u0441\u043f\u043e\u0440\u0442\u0443\u0432\u0430\u043d\u043d\u044f.<\/p>","protected":false},"excerpt":{"rendered":"<h5>Twilight Fire<!-- notionvc: eac9b146-02ee-437c-b909-abf358b5211c --><br \/>\n<!-- notionvc: 3b139391-3103-4596-aa11-3f75c4836bab --><\/h5>\n<p>Odwa\u017cna i niecodzienna kompozycja dla tych, kt\u00f3rzy kochaj\u0105 intensywne barwy. Fioletowe hortensje, bujne pomara\u0144czowe r\u00f3\u017ce piwoniowe i s\u0142oneczne \u017c\u00f3\u0142te go\u017adziki tworz\u0105 razem bukiet pe\u0142en charakteru, energii i artystycznego wyrafinowania. Doskona\u0142y wyb\u00f3r dla tych, kt\u00f3rzy chc\u0105 podarowa\u0107 co\u015b naprawd\u0119 niezapomnianego.<!-- notionvc: e0c28174-60c4-44a2-8427-c90c76601d7e --><br \/>\n<!-- notionvc: c15e535c-6d90-478f-8506-dfd0dc458279 --><\/p>\n<p><strong>\u041d\u0430 \u0444\u043e\u0442\u043e\u00a0<\/strong>\u043a\u043e\u043c\u043f\u043e\u0437\u0438\u0446\u0456\u044f \u0437\u0430 \u0440\u043e\u0437\u043c\u0456\u0440\u043e\u043c \u041d\u0435\u0432\u0435\u043b\u0438\u043a\u0430<\/p>","protected":false},"featured_media":31747,"template":"","meta":[],"product_brand":[],"product_cat":[31,319,30],"product_tag":[],"class_list":{"0":"post-31741","1":"product","2":"type-product","3":"status-publish","4":"has-post-thumbnail","6":"product_cat-mixy","7":"product_cat-piwonie-i-hortensje","8":"product_cat-kwiaty","10":"first","11":"instock","12":"shipping-taxable","13":"purchasable","14":"product-type-variable"},"aioseo_notices":[],"_links":{"self":[{"href":"https:\/\/omnom.com.pl\/ua\/wp-json\/wp\/v2\/product\/31741","targetHints":{"allow":["GET"]}}],"collection":[{"href":"https:\/\/omnom.com.pl\/ua\/wp-json\/wp\/v2\/product"}],"about":[{"href":"https:\/\/omnom.com.pl\/ua\/wp-json\/wp\/v2\/types\/product"}],"version-history":[{"count":0,"href":"https:\/\/omnom.com.pl\/ua\/wp-json\/wp\/v2\/product\/31741\/revisions"}],"wp:featuredmedia":[{"embeddable":true,"href":"https:\/\/omnom.com.pl\/ua\/wp-json\/wp\/v2\/media\/31747"}],"wp:attachment":[{"href":"https:\/\/omnom.com.pl\/ua\/wp-json\/wp\/v2\/media?parent=31741"}],"wp:term":[{"taxonomy":"product_brand","embeddable":true,"href":"https:\/\/omnom.com.pl\/ua\/wp-json\/wp\/v2\/product_brand?post=31741"},{"taxonomy":"product_cat","embeddable":true,"href":"https:\/\/omnom.com.pl\/ua\/wp-json\/wp\/v2\/product_cat?post=31741"},{"taxonomy":"product_tag","embeddable":true,"href":"https:\/\/omnom.com.pl\/ua\/wp-json\/wp\/v2\/product_tag?post=31741"}],"curies":[{"name":"wp","href":"https:\/\/api.w.org\/{rel}","templated":true}]}}