{"id":31671,"date":"2026-05-05T16:03:54","date_gmt":"2026-05-05T14:03:54","guid":{"rendered":"https:\/\/omnom.com.pl\/?post_type=product&#038;p=31671"},"modified":"2026-05-05T16:08:21","modified_gmt":"2026-05-05T14:08:21","slug":"bukiet-z-jaskrow-i-zoltych-roz-krzaczastych","status":"publish","type":"product","link":"https:\/\/omnom.com.pl\/ua\/product\/bukiet-z-jaskrow-i-zoltych-roz-krzaczastych\/","title":{"rendered":"Bukiet z jaskr\u00f3w i \u017c\u00f3\u0142tych r\u00f3\u017c krzaczastych"},"content":{"rendered":"<p>\u041a\u043e\u0436\u0435\u043d \u0431\u0443\u043a\u0435\u0442 \u0434\u043e\u0441\u0442\u0430\u0432\u043b\u044f\u0454\u0442\u044c\u0441\u044f \u0432 \u0430\u043a\u0432\u0430\u0431\u043e\u043a\u0441\u0456, \u044f\u043a\u0438\u0439 \u0437\u0430\u0431\u0435\u0437\u043f\u0435\u0447\u0443\u0454 \u043d\u0430\u043b\u0435\u0436\u043d\u0435 \u0437\u0432\u043e\u043b\u043e\u0436\u0435\u043d\u043d\u044f \u043a\u0432\u0456\u0442\u0456\u0432, \u0456 \u0432 \u0435\u043b\u0435\u0433\u0430\u043d\u0442\u043d\u0456\u0439 \u0442\u0440\u0430\u043d\u0441\u043f\u043e\u0440\u0442\u043d\u0456\u0439 \u0441\u0443\u043c\u0446\u0456, \u0449\u043e \u0433\u0430\u0440\u0430\u043d\u0442\u0443\u0454 \u0431\u0435\u0437\u043f\u0435\u0447\u043d\u0435 \u0456 \u0435\u0441\u0442\u0435\u0442\u0438\u0447\u043d\u0435 \u0442\u0440\u0430\u043d\u0441\u043f\u043e\u0440\u0442\u0443\u0432\u0430\u043d\u043d\u044f.<\/p>","protected":false},"excerpt":{"rendered":"<h5>Sunset Garden<!-- notionvc: 451482fa-6c07-4029-a181-f927b6412694 --><br \/>\n<!-- notionvc: 3b139391-3103-4596-aa11-3f75c4836bab --><\/h5>\n<p>Ciep\u0142a i energetyczna kompozycja dla mi\u0142o\u015bnik\u00f3w intensywnych barw. Bujne pomara\u0144czowe jaskry i s\u0142oneczne \u017c\u00f3\u0142te r\u00f3\u017ce krzaczaste tworz\u0105 razem bukiet pe\u0142en ciep\u0142a, rado\u015bci i jesiennej elegancji. Doskona\u0142y wyb\u00f3r na urodziny, podzi\u0119kowania lub by doda\u0107 komu\u015b energii i u\u015bmiechu.<!-- notionvc: 221f973c-7e34-4cc3-b2d4-39c9d97b7d08 --><br \/>\n<!-- notionvc: c15e535c-6d90-478f-8506-dfd0dc458279 --><\/p>\n<p><strong>\u041d\u0430 \u0444\u043e\u0442\u043e\u00a0<\/strong>\u043a\u043e\u043c\u043f\u043e\u0437\u0438\u0446\u0456\u044f \u0437\u0430 \u0440\u043e\u0437\u043c\u0456\u0440\u043e\u043c \u041d\u0435\u0432\u0435\u043b\u0438\u043a\u0430<\/p>","protected":false},"featured_media":31678,"template":"","meta":[],"product_brand":[],"product_cat":[31,30],"product_tag":[],"class_list":{"0":"post-31671","1":"product","2":"type-product","3":"status-publish","4":"has-post-thumbnail","6":"product_cat-mixy","7":"product_cat-kwiaty","9":"first","10":"instock","11":"shipping-taxable","12":"purchasable","13":"product-type-variable"},"aioseo_notices":[],"_links":{"self":[{"href":"https:\/\/omnom.com.pl\/ua\/wp-json\/wp\/v2\/product\/31671","targetHints":{"allow":["GET"]}}],"collection":[{"href":"https:\/\/omnom.com.pl\/ua\/wp-json\/wp\/v2\/product"}],"about":[{"href":"https:\/\/omnom.com.pl\/ua\/wp-json\/wp\/v2\/types\/product"}],"version-history":[{"count":0,"href":"https:\/\/omnom.com.pl\/ua\/wp-json\/wp\/v2\/product\/31671\/revisions"}],"wp:featuredmedia":[{"embeddable":true,"href":"https:\/\/omnom.com.pl\/ua\/wp-json\/wp\/v2\/media\/31678"}],"wp:attachment":[{"href":"https:\/\/omnom.com.pl\/ua\/wp-json\/wp\/v2\/media?parent=31671"}],"wp:term":[{"taxonomy":"product_brand","embeddable":true,"href":"https:\/\/omnom.com.pl\/ua\/wp-json\/wp\/v2\/product_brand?post=31671"},{"taxonomy":"product_cat","embeddable":true,"href":"https:\/\/omnom.com.pl\/ua\/wp-json\/wp\/v2\/product_cat?post=31671"},{"taxonomy":"product_tag","embeddable":true,"href":"https:\/\/omnom.com.pl\/ua\/wp-json\/wp\/v2\/product_tag?post=31671"}],"curies":[{"name":"wp","href":"https:\/\/api.w.org\/{rel}","templated":true}]}}