{"id":31613,"date":"2026-05-05T15:24:37","date_gmt":"2026-05-05T13:24:37","guid":{"rendered":"https:\/\/omnom.com.pl\/?post_type=product&#038;p=31613"},"modified":"2026-05-05T15:26:44","modified_gmt":"2026-05-05T13:26:44","slug":"bukiet-z-rozowego-cymbidium-zoltych-gozdzikow-i-rozowych-santini","status":"publish","type":"product","link":"https:\/\/omnom.com.pl\/ua\/product\/bukiet-z-rozowego-cymbidium-zoltych-gozdzikow-i-rozowych-santini\/","title":{"rendered":"Bukiet z r\u00f3\u017cowego cymbidium, \u017c\u00f3\u0142tych go\u017adzik\u00f3w i r\u00f3\u017cowych santini"},"content":{"rendered":"<p>\u041a\u043e\u0436\u0435\u043d \u0431\u0443\u043a\u0435\u0442 \u0434\u043e\u0441\u0442\u0430\u0432\u043b\u044f\u0454\u0442\u044c\u0441\u044f \u0432 \u0430\u043a\u0432\u0430\u0431\u043e\u043a\u0441\u0456, \u044f\u043a\u0438\u0439 \u0437\u0430\u0431\u0435\u0437\u043f\u0435\u0447\u0443\u0454 \u043d\u0430\u043b\u0435\u0436\u043d\u0435 \u0437\u0432\u043e\u043b\u043e\u0436\u0435\u043d\u043d\u044f \u043a\u0432\u0456\u0442\u0456\u0432, \u0456 \u0432 \u0435\u043b\u0435\u0433\u0430\u043d\u0442\u043d\u0456\u0439 \u0442\u0440\u0430\u043d\u0441\u043f\u043e\u0440\u0442\u043d\u0456\u0439 \u0441\u0443\u043c\u0446\u0456, \u0449\u043e \u0433\u0430\u0440\u0430\u043d\u0442\u0443\u0454 \u0431\u0435\u0437\u043f\u0435\u0447\u043d\u0435 \u0456 \u0435\u0441\u0442\u0435\u0442\u0438\u0447\u043d\u0435 \u0442\u0440\u0430\u043d\u0441\u043f\u043e\u0440\u0442\u0443\u0432\u0430\u043d\u043d\u044f.<\/p>","protected":false},"excerpt":{"rendered":"<h5>Rose Orchid<!-- notionvc: 44337d08-7fee-4189-9f5e-16d533450554 --><br \/>\n<!-- notionvc: 3b139391-3103-4596-aa11-3f75c4836bab --><\/h5>\n<p>Wyrafinowana kompozycja dla wyj\u0105tkowych chwil. Egzotyczne r\u00f3\u017cowe cymbidium \u0142\u0105czy si\u0119 z ciep\u0142ymi \u017c\u00f3\u0142tymi go\u017adzikami i delikatnymi r\u00f3\u017cowymi santini, tworz\u0105c bukiet pe\u0142en elegancji i rado\u015bci. Doskona\u0142y wyb\u00f3r na urodziny, rocznic\u0119 lub po prostu \u2014 by sprawi\u0107 komu\u015b wyj\u0105tkow\u0105 niespodziank\u0119.<!-- notionvc: ba5525ac-c3e5-4241-805f-44fa1dfc6dc6 --><br \/>\n<!-- notionvc: c15e535c-6d90-478f-8506-dfd0dc458279 --><\/p>\n<p><strong>\u041d\u0430 \u0444\u043e\u0442\u043e\u00a0<\/strong>\u043a\u043e\u043c\u043f\u043e\u0437\u0438\u0446\u0456\u044f \u0437\u0430 \u0440\u043e\u0437\u043c\u0456\u0440\u043e\u043c \u041d\u0435\u0432\u0435\u043b\u0438\u043a\u0430<\/p>","protected":false},"featured_media":31612,"template":"","meta":[],"product_brand":[],"product_cat":[31,30],"product_tag":[],"class_list":{"0":"post-31613","1":"product","2":"type-product","3":"status-publish","4":"has-post-thumbnail","6":"product_cat-mixy","7":"product_cat-kwiaty","9":"first","10":"instock","11":"shipping-taxable","12":"purchasable","13":"product-type-variable"},"aioseo_notices":[],"_links":{"self":[{"href":"https:\/\/omnom.com.pl\/ua\/wp-json\/wp\/v2\/product\/31613","targetHints":{"allow":["GET"]}}],"collection":[{"href":"https:\/\/omnom.com.pl\/ua\/wp-json\/wp\/v2\/product"}],"about":[{"href":"https:\/\/omnom.com.pl\/ua\/wp-json\/wp\/v2\/types\/product"}],"version-history":[{"count":0,"href":"https:\/\/omnom.com.pl\/ua\/wp-json\/wp\/v2\/product\/31613\/revisions"}],"wp:featuredmedia":[{"embeddable":true,"href":"https:\/\/omnom.com.pl\/ua\/wp-json\/wp\/v2\/media\/31612"}],"wp:attachment":[{"href":"https:\/\/omnom.com.pl\/ua\/wp-json\/wp\/v2\/media?parent=31613"}],"wp:term":[{"taxonomy":"product_brand","embeddable":true,"href":"https:\/\/omnom.com.pl\/ua\/wp-json\/wp\/v2\/product_brand?post=31613"},{"taxonomy":"product_cat","embeddable":true,"href":"https:\/\/omnom.com.pl\/ua\/wp-json\/wp\/v2\/product_cat?post=31613"},{"taxonomy":"product_tag","embeddable":true,"href":"https:\/\/omnom.com.pl\/ua\/wp-json\/wp\/v2\/product_tag?post=31613"}],"curies":[{"name":"wp","href":"https:\/\/api.w.org\/{rel}","templated":true}]}}