{"id":30976,"date":"2026-03-06T11:42:44","date_gmt":"2026-03-06T10:42:44","guid":{"rendered":"https:\/\/omnom.com.pl\/?post_type=product&#038;p=30976"},"modified":"2026-03-07T18:35:51","modified_gmt":"2026-03-07T17:35:51","slug":"mini-bukiet-tulipanow","status":"publish","type":"product","link":"https:\/\/omnom.com.pl\/ua\/product\/mini-bukiet-tulipanow\/","title":{"rendered":"Mini bukiet tulipan\u00f3w"},"content":{"rendered":"<p class=\"p1\">Tulipany dost\u0119pne s\u0105 w r\u00f3\u017cnych kolorach, co pozwala dopasowa\u0107 bukiet do okazji lub osobistych preferencji.<\/p>","protected":false},"excerpt":{"rendered":"<p class=\"p1\"><span class=\"s1\"><b>Mini bukiet tulipan\u00f3w<\/b><\/span> to delikatna i urocza kompozycja, kt\u00f3ra doskonale sprawdzi si\u0119 jako drobny gest lub mi\u0142y prezent bez okazji. \u015awie\u017ce tulipany zachwycaj\u0105 swoj\u0105 prostot\u0105, lekko\u015bci\u0105 i naturalnym wdzi\u0119kiem.<\/p>","protected":false},"featured_media":30980,"template":"","meta":[],"product_brand":[],"product_cat":[281,33,30,318],"product_tag":[],"class_list":{"0":"post-30976","1":"product","2":"type-product","3":"status-publish","4":"has-post-thumbnail","6":"product_cat-dzien-kobiet","7":"product_cat-monobukiety","8":"product_cat-kwiaty","9":"product_cat-tulipany","11":"first","12":"outofstock","13":"shipping-taxable","14":"product-type-variable"},"aioseo_notices":[],"_links":{"self":[{"href":"https:\/\/omnom.com.pl\/ua\/wp-json\/wp\/v2\/product\/30976","targetHints":{"allow":["GET"]}}],"collection":[{"href":"https:\/\/omnom.com.pl\/ua\/wp-json\/wp\/v2\/product"}],"about":[{"href":"https:\/\/omnom.com.pl\/ua\/wp-json\/wp\/v2\/types\/product"}],"version-history":[{"count":0,"href":"https:\/\/omnom.com.pl\/ua\/wp-json\/wp\/v2\/product\/30976\/revisions"}],"wp:featuredmedia":[{"embeddable":true,"href":"https:\/\/omnom.com.pl\/ua\/wp-json\/wp\/v2\/media\/30980"}],"wp:attachment":[{"href":"https:\/\/omnom.com.pl\/ua\/wp-json\/wp\/v2\/media?parent=30976"}],"wp:term":[{"taxonomy":"product_brand","embeddable":true,"href":"https:\/\/omnom.com.pl\/ua\/wp-json\/wp\/v2\/product_brand?post=30976"},{"taxonomy":"product_cat","embeddable":true,"href":"https:\/\/omnom.com.pl\/ua\/wp-json\/wp\/v2\/product_cat?post=30976"},{"taxonomy":"product_tag","embeddable":true,"href":"https:\/\/omnom.com.pl\/ua\/wp-json\/wp\/v2\/product_tag?post=30976"}],"curies":[{"name":"wp","href":"https:\/\/api.w.org\/{rel}","templated":true}]}}