{"id":30947,"date":"2026-03-05T15:33:58","date_gmt":"2026-03-05T14:33:58","guid":{"rendered":"https:\/\/omnom.com.pl\/?post_type=product&#038;p=30947"},"modified":"2026-03-05T15:34:31","modified_gmt":"2026-03-05T14:34:31","slug":"tulipany-piwoniowe-mix","status":"publish","type":"product","link":"https:\/\/omnom.com.pl\/ua\/product\/tulipany-piwoniowe-mix\/","title":{"rendered":"\u041f\u0456\u0432\u043e\u043d\u0456\u044f \u0442\u044e\u043b\u044c\u043f\u0430\u043d\u0438 \u043c\u0456\u043a\u0441"},"content":{"rendered":"<p>\u041a\u043e\u0436\u0435\u043d \u0431\u0443\u043a\u0435\u0442 \u0434\u043e\u0441\u0442\u0430\u0432\u043b\u044f\u0454\u0442\u044c\u0441\u044f \u0432 \u0430\u043a\u0432\u0430\u0431\u043e\u043a\u0441\u0456, \u044f\u043a\u0438\u0439 \u0437\u0430\u0431\u0435\u0437\u043f\u0435\u0447\u0443\u0454 \u043d\u0430\u043b\u0435\u0436\u043d\u0435 \u0437\u0432\u043e\u043b\u043e\u0436\u0435\u043d\u043d\u044f \u043a\u0432\u0456\u0442\u0456\u0432, \u0456 \u0432 \u0435\u043b\u0435\u0433\u0430\u043d\u0442\u043d\u0456\u0439 \u0442\u0440\u0430\u043d\u0441\u043f\u043e\u0440\u0442\u043d\u0456\u0439 \u0441\u0443\u043c\u0446\u0456, \u0449\u043e \u0433\u0430\u0440\u0430\u043d\u0442\u0443\u0454 \u0431\u0435\u0437\u043f\u0435\u0447\u043d\u0435 \u0456 \u0435\u0441\u0442\u0435\u0442\u0438\u0447\u043d\u0435 \u0442\u0440\u0430\u043d\u0441\u043f\u043e\u0440\u0442\u0443\u0432\u0430\u043d\u043d\u044f.<\/p>","protected":false},"excerpt":{"rendered":"<p class=\"p1\">\u0411\u0443\u043a\u0435\u0442 \u0432\u0440\u0430\u0436\u0430\u0454 \u0441\u0432\u043e\u0457\u043c \u043e\u0431'\u0454\u043c\u043e\u043c \u0456 \u043b\u0435\u0433\u043a\u0456\u0441\u0442\u044e.<\/p>\n<p class=\"p1\">Tulipany piwoniowe mix, starannie u\u0142o\u017cone, tworz\u0105 kwiatow\u0105 fal\u0119 pe\u0142n\u0105 wdzi\u0119ku i romantyzmu. Delikatne p\u0142atki w pastelowych oraz intensywnych odcieniach nadaj\u0105 kompozycji \u015bwie\u017co\u015bci i elegancji.<\/p>\n<p class=\"p1\">\u0426\u0435 \u043f\u043e\u0437\u0430\u0447\u0430\u0441\u043e\u0432\u0438\u0439 \u0432\u0438\u0431\u0456\u0440 - \u0456\u0434\u0435\u0430\u043b\u044c\u043d\u0438\u0439 \u0434\u043b\u044f \u043f\u043e\u0434\u0430\u0440\u0443\u043d\u043a\u0430, \u0432\u0438\u0440\u0430\u0436\u0435\u043d\u043d\u044f \u0432\u0434\u044f\u0447\u043d\u043e\u0441\u0442\u0456 \u0430\u0431\u043e \u0442\u043e\u043d\u043a\u043e\u0433\u043e \u201e\u044f \u0434\u0443\u043c\u0430\u044e \u043f\u0440\u043e \u0442\u0435\u0431\u0435\u201d.<\/p>","protected":false},"featured_media":30946,"template":"","meta":[],"product_brand":[],"product_cat":[289,33,30,318],"product_tag":[],"class_list":{"0":"post-30947","1":"product","2":"type-product","3":"status-publish","4":"has-post-thumbnail","6":"product_cat-dzien-mamy-26-maja","7":"product_cat-monobukiety","8":"product_cat-kwiaty","9":"product_cat-tulipany","11":"first","12":"instock","13":"shipping-taxable","14":"purchasable","15":"product-type-variable"},"aioseo_notices":[],"_links":{"self":[{"href":"https:\/\/omnom.com.pl\/ua\/wp-json\/wp\/v2\/product\/30947","targetHints":{"allow":["GET"]}}],"collection":[{"href":"https:\/\/omnom.com.pl\/ua\/wp-json\/wp\/v2\/product"}],"about":[{"href":"https:\/\/omnom.com.pl\/ua\/wp-json\/wp\/v2\/types\/product"}],"version-history":[{"count":0,"href":"https:\/\/omnom.com.pl\/ua\/wp-json\/wp\/v2\/product\/30947\/revisions"}],"wp:featuredmedia":[{"embeddable":true,"href":"https:\/\/omnom.com.pl\/ua\/wp-json\/wp\/v2\/media\/30946"}],"wp:attachment":[{"href":"https:\/\/omnom.com.pl\/ua\/wp-json\/wp\/v2\/media?parent=30947"}],"wp:term":[{"taxonomy":"product_brand","embeddable":true,"href":"https:\/\/omnom.com.pl\/ua\/wp-json\/wp\/v2\/product_brand?post=30947"},{"taxonomy":"product_cat","embeddable":true,"href":"https:\/\/omnom.com.pl\/ua\/wp-json\/wp\/v2\/product_cat?post=30947"},{"taxonomy":"product_tag","embeddable":true,"href":"https:\/\/omnom.com.pl\/ua\/wp-json\/wp\/v2\/product_tag?post=30947"}],"curies":[{"name":"wp","href":"https:\/\/api.w.org\/{rel}","templated":true}]}}