{"id":30671,"date":"2026-02-28T00:40:49","date_gmt":"2026-02-27T23:40:49","guid":{"rendered":"https:\/\/omnom.com.pl\/?post_type=product&#038;p=30671"},"modified":"2026-05-12T02:14:21","modified_gmt":"2026-05-12T00:14:21","slug":"slodki-zestaw-w-kartoniku-%f0%9f%8e%81","status":"publish","type":"product","link":"https:\/\/omnom.com.pl\/ua\/product\/slodki-zestaw-w-kartoniku-%f0%9f%8e%81\/","title":{"rendered":"\u0421\u043e\u043b\u043e\u0434\u043a\u0438\u0439 \u043d\u0430\u0431\u0456\u0440 \u0443 \u043a\u0430\u0440\u0442\u043e\u043d\u043d\u0456\u0439 \u043a\u043e\u0440\u043e\u0431\u0446\u0456 \ud83c\udf81."},"content":{"rendered":"","protected":false},"excerpt":{"rendered":"<p>10 klasycznych jajek z mlecznej czekolady w eleganckim, gotowym do podarowania opakowaniu. Uniwersalny prezent dla ka\u017cdego \u2013 na co dzie\u0144 i od \u015bwi\u0119ta. Idealnie komponuje si\u0119 z bukietem kwiat\u00f3w.<!-- notionvc: 7fc4ce5b-fafc-42a8-8fdf-b892d418c32e --><br \/>\n<!-- notionvc: ab49c6c0-cd6b-4c3c-8f20-ed4a60d5c8bd --><\/p>\n<div class=\"elementor-element elementor-element-5ce0cc64 wd-single-short-desc text-left elementor-widget elementor-widget-wd_single_product_short_description\" data-id=\"5ce0cc64\" data-element_type=\"widget\" data-e-type=\"widget\" data-widget_type=\"wd_single_product_short_description.default\">\n<div class=\"elementor-widget-container\">\n<div class=\"woocommerce-product-details__short-description\">\n<p><!-- notionvc: b4557703-a534-4728-8d86-a27a6902f940 --><\/p>\n<\/div>\n<\/div>\n<\/div>\n<p><!-- notionvc: edf03eb2-74cb-4918-93f0-795c01573914 --><!-- notionvc: 5fedb4e5-9ec9-448c-937c-73d8a7206dc6 --><!-- notionvc: f1ddc9fb-5e9e-42d8-ae1e-c84789647a51 --><!-- notionvc: b3913ff0-c7d5-441a-bf9d-8be2bb5f41e1 --><!-- notionvc: f3283cd7-0758-43d6-ad98-9ee4ff975355 --><\/p>","protected":false},"featured_media":30682,"template":"","meta":[],"product_brand":[],"product_cat":[37,313],"product_tag":[],"class_list":{"0":"post-30671","1":"product","2":"type-product","3":"status-publish","4":"has-post-thumbnail","6":"product_cat-dodatki","7":"product_cat-dzien-kobiet-2026","9":"first","10":"instock","11":"shipping-taxable","12":"purchasable","13":"product-type-simple"},"aioseo_notices":[],"_links":{"self":[{"href":"https:\/\/omnom.com.pl\/ua\/wp-json\/wp\/v2\/product\/30671","targetHints":{"allow":["GET"]}}],"collection":[{"href":"https:\/\/omnom.com.pl\/ua\/wp-json\/wp\/v2\/product"}],"about":[{"href":"https:\/\/omnom.com.pl\/ua\/wp-json\/wp\/v2\/types\/product"}],"version-history":[{"count":0,"href":"https:\/\/omnom.com.pl\/ua\/wp-json\/wp\/v2\/product\/30671\/revisions"}],"wp:featuredmedia":[{"embeddable":true,"href":"https:\/\/omnom.com.pl\/ua\/wp-json\/wp\/v2\/media\/30682"}],"wp:attachment":[{"href":"https:\/\/omnom.com.pl\/ua\/wp-json\/wp\/v2\/media?parent=30671"}],"wp:term":[{"taxonomy":"product_brand","embeddable":true,"href":"https:\/\/omnom.com.pl\/ua\/wp-json\/wp\/v2\/product_brand?post=30671"},{"taxonomy":"product_cat","embeddable":true,"href":"https:\/\/omnom.com.pl\/ua\/wp-json\/wp\/v2\/product_cat?post=30671"},{"taxonomy":"product_tag","embeddable":true,"href":"https:\/\/omnom.com.pl\/ua\/wp-json\/wp\/v2\/product_tag?post=30671"}],"curies":[{"name":"wp","href":"https:\/\/api.w.org\/{rel}","templated":true}]}}