{"id":2793,"date":"2023-10-02T13:28:17","date_gmt":"2023-10-02T11:28:17","guid":{"rendered":"https:\/\/silver-squid-790119.hostingersite.com\/?page_id=2793"},"modified":"2026-02-01T22:33:39","modified_gmt":"2026-02-01T21:33:39","slug":"kontakt","status":"publish","type":"page","link":"https:\/\/omnom.com.pl\/ua\/kontakt\/","title":{"rendered":"\u041a\u043e\u043d\u0442\u0430\u043a\u0442\u0438"},"content":{"rendered":"<div data-elementor-type=\"wp-page\" data-elementor-id=\"2793\" class=\"elementor elementor-2793\" data-elementor-post-type=\"page\">\n\t\t\t\t<div class=\"elementor-element elementor-element-dc29671 e-con-full h6 e-flex e-con e-parent\" data-id=\"dc29671\" data-element_type=\"container\" data-e-type=\"container\" data-settings=\"{&quot;background_background&quot;:&quot;classic&quot;}\">\n\t\t<div class=\"elementor-element elementor-element-86bed0d e-con-full e-flex e-con e-child\" data-id=\"86bed0d\" data-element_type=\"container\" data-e-type=\"container\">\n\t\t\t\t<div class=\"elementor-element elementor-element-ae84c31 elementor-widget elementor-widget-heading\" data-id=\"ae84c31\" data-element_type=\"widget\" data-e-type=\"widget\" data-widget_type=\"heading.default\">\n\t\t\t\t\t<h2 class=\"elementor-heading-title elementor-size-default\">\u041a\u043e\u043d\u0442\u0430\u043a\u0442\u0438<\/h2>\t\t\t\t<\/div>\n\t\t\t\t<div class=\"elementor-element elementor-element-ecfc084 elementor-widget elementor-widget-heading\" data-id=\"ecfc084\" data-element_type=\"widget\" data-e-type=\"widget\" data-widget_type=\"heading.default\">\n\t\t\t\t\t<h4 class=\"elementor-heading-title elementor-size-default\">\u041d\u0435 \u0441\u043e\u0440\u043e\u043c\u0442\u0435\u0441\u044f \u0437\u0432\u0435\u0440\u0442\u0430\u0442\u0438\u0441\u044f \u0434\u043e \u043d\u0430\u0441! \u041c\u0438 \u0433\u043e\u0442\u043e\u0432\u0456 \u0432\u0456\u0434\u043f\u043e\u0432\u0456\u0441\u0442\u0438 \u043d\u0430 \u0432\u0441\u0456 \u0432\u0430\u0448\u0456 \u0437\u0430\u043f\u0438\u0442\u0430\u043d\u043d\u044f \u0456 \u0434\u043e\u043f\u043e\u043c\u043e\u0433\u0442\u0438 \u0432\u0430\u043c \u0432\u0438\u0431\u0440\u0430\u0442\u0438 \u0456\u0434\u0435\u0430\u043b\u044c\u043d\u0456 \u043a\u0432\u0456\u0442\u0438 \u0434\u043b\u044f \u0431\u0443\u0434\u044c-\u044f\u043a\u043e\u0433\u043e \u0432\u0438\u043f\u0430\u0434\u043a\u0443.<\/h4>\t\t\t\t<\/div>\n\t\t<div class=\"elementor-element elementor-element-588e75f e-con-full e-flex e-con e-child\" data-id=\"588e75f\" data-element_type=\"container\" data-e-type=\"container\">\n\t\t\t\t<div class=\"elementor-element elementor-element-a1e2e50 elementor-button-align-stretch elementor-widget elementor-widget-form\" data-id=\"a1e2e50\" data-element_type=\"widget\" data-e-type=\"widget\" data-settings=\"{&quot;step_next_label&quot;:&quot;Nast\\u0119pny&quot;,&quot;step_previous_label&quot;:&quot;Poprzedni&quot;,&quot;button_width&quot;:&quot;100&quot;,&quot;step_type&quot;:&quot;number_text&quot;,&quot;step_icon_shape&quot;:&quot;circle&quot;}\" data-widget_type=\"form.default\">\n\t\t\t\t\t\t\t<form class=\"elementor-form\" method=\"post\" name=\"Nowy formularz\" aria-label=\"\u041d\u043e\u0432\u0430 \u0444\u043e\u0440\u043c\u0430\" action=\"\">\n\t\t\t<input type=\"hidden\" name=\"post_id\" value=\"2793\"\/>\n\t\t\t<input type=\"hidden\" name=\"form_id\" value=\"a1e2e50\"\/>\n\t\t\t<input type=\"hidden\" name=\"referer_title\" value=\"OMNOM\" \/>\n\n\t\t\t\n\t\t\t<div class=\"elementor-form-fields-wrapper elementor-labels-above\">\n\t\t\t\t\t\t\t\t<div class=\"elementor-field-type-text elementor-field-group elementor-column elementor-field-group-name elementor-col-100 elementor-field-required\">\n\t\t\t\t\t\t\t\t\t\t\t\t\t<input size=\"1\" type=\"text\" name=\"form_fields[name]\" id=\"form-field-name\" class=\"elementor-field elementor-size-sm  elementor-field-textual\" placeholder=\"\u0412\u0430\u0448\u0435 \u0456\u043c&#039;\u044f?\" required=\"required\">\n\t\t\t\t\t\t\t\t\t\t\t<\/div>\n\t\t\t\t\t\t\t\t<div class=\"elementor-field-type-email elementor-field-group elementor-column elementor-field-group-email elementor-col-100 elementor-field-required\">\n\t\t\t\t\t\t\t\t\t\t\t\t\t<input size=\"1\" type=\"email\" name=\"form_fields[email]\" id=\"form-field-email\" class=\"elementor-field elementor-size-sm  elementor-field-textual\" placeholder=\"\u0410\u0434\u0440\u0435\u0441\u0430 \u0435\u043b\u0435\u043a\u0442\u0440\u043e\u043d\u043d\u043e\u0457 \u043f\u043e\u0448\u0442\u0438\" required=\"required\">\n\t\t\t\t\t\t\t\t\t\t\t<\/div>\n\t\t\t\t\t\t\t\t<div class=\"elementor-field-type-tel elementor-field-group elementor-column elementor-field-group-field_0061b31 elementor-col-100 elementor-field-required\">\n\t\t\t\t\t\t\t<input size=\"1\" type=\"tel\" name=\"form_fields[field_0061b31]\" id=\"form-field-field_0061b31\" class=\"elementor-field elementor-size-sm  elementor-field-textual\" placeholder=\"\u041d\u043e\u043c\u0435\u0440 \u0442\u0435\u043b\u0435\u0444\u043e\u043d\u0443\" required=\"required\" pattern=\"[0-9()#&amp;+*-=.]+\" title=\"\u041f\u0440\u0438\u0439\u043c\u0430\u044e\u0442\u044c\u0441\u044f \u043b\u0438\u0448\u0435 \u0446\u0438\u0444\u0440\u0438 \u0442\u0430 \u0442\u0435\u043b\u0435\u0444\u043e\u043d\u043d\u0456 \u0441\u0438\u043c\u0432\u043e\u043b\u0438 (#, -, * \u0442\u043e\u0449\u043e).\">\n\n\t\t\t\t\t\t<\/div>\n\t\t\t\t\t\t\t\t<div class=\"elementor-field-type-textarea elementor-field-group elementor-column elementor-field-group-message elementor-col-100\">\n\t\t\t\t\t<textarea class=\"elementor-field-textual elementor-field  elementor-size-sm\" name=\"form_fields[message]\" id=\"form-field-message\" rows=\"3\" placeholder=\"\u0417\u043c\u0456\u0441\u0442 \u043f\u043e\u0432\u0456\u0434\u043e\u043c\u043b\u0435\u043d\u043d\u044f\"><\/textarea>\t\t\t\t<\/div>\n\t\t\t\t\t\t\t\t<div class=\"elementor-field-type-checkbox elementor-field-group elementor-column elementor-field-group-f33 elementor-col-100\">\n\t\t\t\t\t<div class=\"elementor-field-subgroup  elementor-subgroup-inline\"><span class=\"elementor-field-option\"><input type=\"checkbox\" value=\"Wyra\u017cam zgod\u0119 na przetwarzanie moich danych osobowych i akceptuj\u0119 &lt;a href=&quot;\/polityka-prywatnosci\/&quot;&gt;Polityk\u0119 prywatno\u015bci&lt;\/a&gt;\" id=\"form-field-f33-0\" name=\"form_fields[f33]\"> <label for=\"form-field-f33-0\">\u042f \u0434\u0430\u044e \u0437\u0433\u043e\u0434\u0443 \u043d\u0430 \u043e\u0431\u0440\u043e\u0431\u043a\u0443 \u043c\u043e\u0457\u0445 \u043f\u0435\u0440\u0441\u043e\u043d\u0430\u043b\u044c\u043d\u0438\u0445 \u0434\u0430\u043d\u0438\u0445 \u0442\u0430 \u043f\u0440\u0438\u0439\u043c\u0430\u044e <a href=\"https:\/\/omnom.com.pl\/ua\/polityka-prywatnosci\/\">\u041f\u043e\u043b\u0456\u0442\u0438\u043a\u0430 \u043a\u043e\u043d\u0444\u0456\u0434\u0435\u043d\u0446\u0456\u0439\u043d\u043e\u0441\u0442\u0456<\/a><\/label><\/span><\/div>\t\t\t\t<\/div>\n\t\t\t\t\t\t\t\t<div class=\"elementor-field-group elementor-column elementor-field-type-submit elementor-col-100 e-form__buttons\">\n\t\t\t\t\t<button class=\"elementor-button elementor-size-sm\" type=\"submit\">\n\t\t\t\t\t\t<span class=\"elementor-button-content-wrapper\">\n\t\t\t\t\t\t\t\t\t\t\t\t\t\t\t\t\t\t\t\t\t\t<span class=\"elementor-button-text\">\u041d\u0430\u0434\u0456\u0441\u043b\u0430\u0442\u0438 \u043f\u043e\u0432\u0456\u0434\u043e\u043c\u043b\u0435\u043d\u043d\u044f<\/span>\n\t\t\t\t\t\t\t\t\t\t\t\t\t<\/span>\n\t\t\t\t\t<\/button>\n\t\t\t\t<\/div>\n\t\t\t<\/div>\n\t\t<input type=\"hidden\" name=\"trp-form-language\" value=\"ua\"\/><\/form>\n\t\t\t\t\t\t<\/div>\n\t\t\t\t<\/div>\n\t\t\t\t<\/div>\n\t\t<div class=\"elementor-element elementor-element-bf0260c e-con-full e-flex e-con e-child\" data-id=\"bf0260c\" data-element_type=\"container\" data-e-type=\"container\" data-settings=\"{&quot;background_background&quot;:&quot;classic&quot;}\">\n\t\t<div class=\"elementor-element elementor-element-d913e6c e-con-full e-flex e-con e-child\" data-id=\"d913e6c\" data-element_type=\"container\" data-e-type=\"container\">\n\t\t\t\t<div class=\"elementor-element elementor-element-fb1cc3f elementor-widget elementor-widget-heading\" data-id=\"fb1cc3f\" data-element_type=\"widget\" data-e-type=\"widget\" data-widget_type=\"heading.default\">\n\t\t\t\t\t<h2 class=\"elementor-heading-title elementor-size-default\">\u0412\u0438 \u043c\u043e\u0436\u0435\u0442\u0435 \u0437\u0432'\u044f\u0437\u0430\u0442\u0438\u0441\u044f \u0437 \u043d\u0430\u043c\u0438 \u043d\u0430\u0441\u0442\u0443\u043f\u043d\u0438\u043c \u0447\u0438\u043d\u043e\u043c:<\/h2>\t\t\t\t<\/div>\n\t\t\t\t<div class=\"elementor-element elementor-element-1ddf691 elementor-widget elementor-widget-heading\" data-id=\"1ddf691\" data-element_type=\"widget\" data-e-type=\"widget\" data-widget_type=\"heading.default\">\n\t\t\t\t\t<h2 class=\"elementor-heading-title elementor-size-default\"><a href=\"tel: 48535522186\">+48 535 522 186 <\/a><\/h2>\t\t\t\t<\/div>\n\t\t\t\t<div class=\"elementor-element elementor-element-a726747 elementor-widget elementor-widget-heading\" data-id=\"a726747\" data-element_type=\"widget\" data-e-type=\"widget\" data-widget_type=\"heading.default\">\n\t\t\t\t\t<span class=\"elementor-heading-title elementor-size-default\"><a href=\"mailto:hej@omnom.com.pl\">hej@omnom.com.pl<\/a><\/span>\t\t\t\t<\/div>\n\t\t\t\t<div class=\"elementor-element elementor-element-cace239 elementor-widget elementor-widget-heading\" data-id=\"cace239\" data-element_type=\"widget\" data-e-type=\"widget\" data-widget_type=\"heading.default\">\n\t\t\t\t\t<span class=\"elementor-heading-title elementor-size-default\">\u25aa\ufe0f \u015awi\u0119toja\u0144ska 48, Gdynia\n<p>\u25aa\ufe0f Hynka 65, Gda\u0144sk\n<p>\u25aa\ufe0f Stanis\u0142awa Wyspia\u0144skiego 2, Gda\u0144sk\n<p>\u25aa\ufe0f 12 Marca 230, Wejherowo<\/span>\t\t\t\t<\/div>\n\t\t\t\t<\/div>\n\t\t<div class=\"elementor-element elementor-element-cbb7e64 e-con-full e-flex e-con e-child\" data-id=\"cbb7e64\" data-element_type=\"container\" data-e-type=\"container\">\n\t\t\t\t<div class=\"elementor-element elementor-element-a9d08ac elementor-widget elementor-widget-heading\" data-id=\"a9d08ac\" data-element_type=\"widget\" data-e-type=\"widget\" data-widget_type=\"heading.default\">\n\t\t\t\t\t<h2 class=\"elementor-heading-title elementor-size-default\">\u041f\u0440\u0438\u0454\u0434\u043d\u0443\u0439\u0442\u0435\u0441\u044c \u0434\u043e \u043d\u0430\u0441<\/h2>\t\t\t\t<\/div>\n\t\t\t\t<div class=\"elementor-element elementor-element-3c10f54 e-grid-align-left elementor-widget__width-inherit elementor-shape-rounded elementor-grid-0 elementor-widget elementor-widget-social-icons\" data-id=\"3c10f54\" data-element_type=\"widget\" data-e-type=\"widget\" data-widget_type=\"social-icons.default\">\n\t\t\t\t\t\t\t<div class=\"elementor-social-icons-wrapper elementor-grid\" role=\"list\">\n\t\t\t\t\t\t\t<span class=\"elementor-grid-item\" role=\"listitem\">\n\t\t\t\t\t<a class=\"elementor-icon elementor-social-icon elementor-social-icon-facebook-f elementor-repeater-item-25328d2\" href=\"https:\/\/www.facebook.com\/omnom.trojmiasto\" target=\"_blank\">\n\t\t\t\t\t\t<span class=\"elementor-screen-only\">Facebook-f<\/span>\n\t\t\t\t\t\t<svg aria-hidden=\"true\" class=\"e-font-icon-svg e-fab-facebook-f\" viewbox=\"0 0 320 512\" xmlns=\"http:\/\/www.w3.org\/2000\/svg\"><path d=\"M279.14 288l14.22-92.66h-88.91v-60.13c0-25.35 12.42-50.06 52.24-50.06h40.42V6.26S260.43 0 225.36 0c-73.22 0-121.08 44.38-121.08 124.72v70.62H22.89V288h81.39v224h100.17V288z\"><\/path><\/svg>\t\t\t\t\t<\/a>\n\t\t\t\t<\/span>\n\t\t\t\t\t\t\t<span class=\"elementor-grid-item\" role=\"listitem\">\n\t\t\t\t\t<a class=\"elementor-icon elementor-social-icon elementor-social-icon- elementor-repeater-item-682689b\" href=\"https:\/\/www.instagram.com\/omnom.trojmiasto?igshid=YmMyMTA2M2Y%3D&#038;fbclid=IwAR1Ip6v_sMgVZgl6k4WfzGG2yGcScOUWoqrRsnrjAJ8Qk8P_CyhxWcGfDQg\" target=\"_blank\">\n\t\t\t\t\t\t<span class=\"elementor-screen-only\"><\/span>\n\t\t\t\t\t\t<svg xmlns=\"http:\/\/www.w3.org\/2000\/svg\" xmlns:xlink=\"http:\/\/www.w3.org\/1999\/xlink\" id=\"Layer_1\" x=\"0px\" y=\"0px\" viewbox=\"0 0 512 512\" style=\"enable-background:new 0 0 512 512;\" xml:space=\"preserve\"> <g> <path d=\"M255.9,170.6c-47,0-85.4,38.4-85.4,85.4c0,47,38.4,85.4,85.4,85.4s85.4-38.4,85.4-85.4C341.3,209,302.9,170.6,255.9,170.6z M512,256c0-35.4,0.3-70.4-1.7-105.7C508.3,109.3,499,73,469,43C439,13,402.7,3.7,361.7,1.7C326.3-0.3,291.3,0,256,0 c-35.4,0-70.4-0.3-105.7,1.7C109.3,3.7,73,13,43,43C13,73,3.7,109.3,1.7,150.3C-0.3,185.7,0,220.7,0,256s-0.3,70.4,1.7,105.7 C3.7,402.7,13,439,43,469c30,30,66.3,39.3,107.3,41.3c35.4,2,70.4,1.7,105.7,1.7c35.4,0,70.4,0.3,105.7-1.7 c41-2,77.4-11.3,107.3-41.3c30-30,39.3-66.3,41.3-107.3C512.4,326.4,512,291.4,512,256z M255.9,387.4 c-72.7,0-131.4-58.7-131.4-131.4s58.7-131.4,131.4-131.4S387.3,183.3,387.3,256S328.6,387.4,255.9,387.4z M392.7,149.9 c-17,0-30.7-13.7-30.7-30.7s13.7-30.7,30.7-30.7s30.7,13.7,30.7,30.7C423.4,136.2,409.7,149.9,392.7,149.9L392.7,149.9z\"><\/path> <\/g> <\/svg>\t\t\t\t\t<\/a>\n\t\t\t\t<\/span>\n\t\t\t\t\t\t\t<span class=\"elementor-grid-item\" role=\"listitem\">\n\t\t\t\t\t<a class=\"elementor-icon elementor-social-icon elementor-social-icon-pinterest elementor-repeater-item-6e18279\" href=\"https:\/\/www.pinterest.com\/omnomsk\/\" target=\"_blank\">\n\t\t\t\t\t\t<span class=\"elementor-screen-only\">Pinterest<\/span>\n\t\t\t\t\t\t<svg aria-hidden=\"true\" class=\"e-font-icon-svg e-fab-pinterest\" viewbox=\"0 0 496 512\" xmlns=\"http:\/\/www.w3.org\/2000\/svg\"><path d=\"M496 256c0 137-111 248-248 248-25.6 0-50.2-3.9-73.4-11.1 10.1-16.5 25.2-43.5 30.8-65 3-11.6 15.4-59 15.4-59 8.1 15.4 31.7 28.5 56.8 28.5 74.8 0 128.7-68.8 128.7-154.3 0-81.9-66.9-143.2-152.9-143.2-107 0-163.9 71.8-163.9 150.1 0 36.4 19.4 81.7 50.3 96.1 4.7 2.2 7.2 1.2 8.3-3.3.8-3.4 5-20.3 6.9-28.1.6-2.5.3-4.7-1.7-7.1-10.1-12.5-18.3-35.3-18.3-56.6 0-54.7 41.4-107.6 112-107.6 60.9 0 103.6 41.5 103.6 100.9 0 67.1-33.9 113.6-78 113.6-24.3 0-42.6-20.1-36.7-44.8 7-29.5 20.5-61.3 20.5-82.6 0-19-10.2-34.9-31.4-34.9-24.9 0-44.9 25.7-44.9 60.2 0 22 7.4 36.8 7.4 36.8s-24.5 103.8-29 123.2c-5 21.4-3 51.6-.9 71.2C65.4 450.9 0 361.1 0 256 0 119 111 8 248 8s248 111 248 248z\"><\/path><\/svg>\t\t\t\t\t<\/a>\n\t\t\t\t<\/span>\n\t\t\t\t\t<\/div>\n\t\t\t\t\t\t<\/div>\n\t\t\t\t<\/div>\n\t\t\t\t<\/div>\n\t\t\t\t<\/div>\n\t\t<div class=\"elementor-element elementor-element-a074c3f e-con-full h6 e-flex e-con e-parent\" data-id=\"a074c3f\" data-element_type=\"container\" data-e-type=\"container\" data-settings=\"{&quot;background_background&quot;:&quot;classic&quot;}\">\n\t\t\t\t<div class=\"elementor-element elementor-element-1a02bc73 elementor-widget__width-inherit elementor-widget elementor-widget-heading\" data-id=\"1a02bc73\" data-element_type=\"widget\" data-e-type=\"widget\" data-widget_type=\"heading.default\">\n\t\t\t\t\t<h4 class=\"elementor-heading-title elementor-size-default\">OMNOM Sp z o.o.<\/h4>\t\t\t\t<\/div>\n\t\t<div class=\"elementor-element elementor-element-6ee844ec e-con-full e-grid e-con e-child\" data-id=\"6ee844ec\" data-element_type=\"container\" data-e-type=\"container\">\n\t\t<div class=\"elementor-element elementor-element-10755cbd e-con-full e-flex e-con e-child\" data-id=\"10755cbd\" data-element_type=\"container\" data-e-type=\"container\">\n\t\t\t\t<div class=\"elementor-element elementor-element-30713e6 elementor-widget elementor-widget-heading\" data-id=\"30713e6\" data-element_type=\"widget\" data-e-type=\"widget\" data-widget_type=\"heading.default\">\n\t\t\t\t\t<h6 class=\"elementor-heading-title elementor-size-default\">\u015awi\u0119toja\u0144ska 48, Gdynia<\/h6>\t\t\t\t<\/div>\n\t\t\t\t<div class=\"elementor-element elementor-element-1fac797d op7 elementor-widget elementor-widget-heading\" data-id=\"1fac797d\" data-element_type=\"widget\" data-e-type=\"widget\" data-widget_type=\"heading.default\">\n\t\t\t\t\t<h6 class=\"elementor-heading-title elementor-size-default\">\u041f\u043e\u043d\u0435\u0434\u0456\u043b\u043e\u043a - \u043d\u0435\u0434\u0456\u043b\u044f: 09:00 - 20:00<\/h6>\t\t\t\t<\/div>\n\t\t\t\t<div class=\"elementor-element elementor-element-4a3ac34 elementor-widget elementor-widget-html\" data-id=\"4a3ac34\" data-element_type=\"widget\" data-e-type=\"widget\" data-widget_type=\"html.default\">\n\t\t\t\t\t<div style=\"width: 100%; height: 240px;\">\n  <iframe \n    src=\"https:\/\/www.google.com\/maps\/embed?pb=!1m18!1m12!1m3!1d2315.935663883952!2d18.541248899999996!3d54.516996!2m3!1f0!2f0!3f0!3m2!1i1024!2i768!4f13.1!3m3!1m2!1s0x46fda73aa8b22b0b%3A0x2a09321cc10a445e!2zxZp3acSZdG9qYcWEc2thIDQ4LCA4MS0zOTMgR2R5bmlhLCDQn9C-0LvRjNGJ0LA!5e0!3m2!1suk!2sua!4v1731584984230!5m2!1suk!2sua\" \n    width=\"100%\" \n    height=\"100%\" \n    style=\"border:0;\" \n    allowfullscreen=\"\" \n    loading=\"lazy\" \n    referrerpolicy=\"no-referrer-when-downgrade\">\n  <\/iframe>\n<\/div>\n\t\t\t\t<\/div>\n\t\t\t\t<\/div>\n\t\t<div class=\"elementor-element elementor-element-3d620526 e-con-full e-flex e-con e-child\" data-id=\"3d620526\" data-element_type=\"container\" data-e-type=\"container\">\n\t\t\t\t<div class=\"elementor-element elementor-element-4efb2820 elementor-widget elementor-widget-heading\" data-id=\"4efb2820\" data-element_type=\"widget\" data-e-type=\"widget\" data-widget_type=\"heading.default\">\n\t\t\t\t\t<h6 class=\"elementor-heading-title elementor-size-default\">\u0413\u0456\u043d\u043a\u0430 65, \u0413\u0434\u0430\u043d\u0441\u044c\u043a<\/h6>\t\t\t\t<\/div>\n\t\t\t\t<div class=\"elementor-element elementor-element-5c4790ed op7 elementor-widget elementor-widget-heading\" data-id=\"5c4790ed\" data-element_type=\"widget\" data-e-type=\"widget\" data-widget_type=\"heading.default\">\n\t\t\t\t\t<h6 class=\"elementor-heading-title elementor-size-default\">\u041f\u043e\u043d\u0435\u0434\u0456\u043b\u043e\u043a - \u043d\u0435\u0434\u0456\u043b\u044f: 09:00 - 20:00<\/h6>\t\t\t\t<\/div>\n\t\t\t\t<div class=\"elementor-element elementor-element-2b8f5006 elementor-widget elementor-widget-html\" data-id=\"2b8f5006\" data-element_type=\"widget\" data-e-type=\"widget\" data-widget_type=\"html.default\">\n\t\t\t\t\t<div style=\"width: 100%; height: 240px;\">\n  <iframe \n    src=\"https:\/\/www.google.com\/maps\/embed?pb=!1m18!1m12!1m3!1d2323.127049807433!2d18.590459512236365!3d54.39007087249609!2m3!1f0!2f0!3f0!3m2!1i1024!2i768!4f13.1!3m3!1m2!1s0x46fd74c4b28c2053%3A0x2130c82e0eb2c2e1!2zSHlua2EgNjUsIDgwLTQ2NSBHZGHFhHNrLCDQn9C-0LvRjNGJ0LA!5e0!3m2!1suk!2sua!4v1731585107760!5m2!1suk!2sua\" \n    width=\"100%\" \n    height=\"100%\" \n    style=\"border:0;\" \n    allowfullscreen=\"\" \n    loading=\"lazy\" \n    referrerpolicy=\"no-referrer-when-downgrade\">\n  <\/iframe>\n<\/div>\n\t\t\t\t<\/div>\n\t\t\t\t<\/div>\n\t\t<div class=\"elementor-element elementor-element-1c9b7b1 e-con-full e-flex e-con e-child\" data-id=\"1c9b7b1\" data-element_type=\"container\" data-e-type=\"container\">\n\t\t\t\t<div class=\"elementor-element elementor-element-bd7acd9 elementor-widget elementor-widget-heading\" data-id=\"bd7acd9\" data-element_type=\"widget\" data-e-type=\"widget\" data-widget_type=\"heading.default\">\n\t\t\t\t\t<h6 class=\"elementor-heading-title elementor-size-default\">\u0421\u0442\u0430\u043d\u0456\u0441\u043b\u0430\u0432\u0430 \u0412\u0438\u0441\u043f\u044f\u043d\u0441\u044c\u043a\u043e\u0433\u043e 2, \u0413\u0434\u0430\u043d\u0441\u044c\u043a<\/h6>\t\t\t\t<\/div>\n\t\t\t\t<div class=\"elementor-element elementor-element-d398a4e op7 elementor-widget elementor-widget-heading\" data-id=\"d398a4e\" data-element_type=\"widget\" data-e-type=\"widget\" data-widget_type=\"heading.default\">\n\t\t\t\t\t<h6 class=\"elementor-heading-title elementor-size-default\">\u041f\u043e\u043d\u0435\u0434\u0456\u043b\u043e\u043a - \u043d\u0435\u0434\u0456\u043b\u044f: 09:00 - 20:00<\/h6>\t\t\t\t<\/div>\n\t\t\t\t<div class=\"elementor-element elementor-element-79a1282 elementor-widget elementor-widget-html\" data-id=\"79a1282\" data-element_type=\"widget\" data-e-type=\"widget\" data-widget_type=\"html.default\">\n\t\t\t\t\t<div style=\"width: 100%; height: 240px;\">\n  <iframe\n    src=\"https:\/\/www.google.com\/maps\/embed?pb=!1m18!1m12!1m3!1d2331.1234567890123!2d18.1234567890123!3d54.1234567890123!2m3!1f0!2f0!3f0!3m2!1i1024!2i768!4f13.1!3m3!1m2!1s0x46f1234567890abc%3A0x1234567890abcdef!2sWyspia\u0144skiego%202%2C%20Gda\u0144sk!5e0!3m2!1sen!2spl!4v1731585107760!5m2!1sen!2spl\"\n    width=\"100%\"\n    height=\"100%\"\n    style=\"border:0;\"\n    allowfullscreen=\"\"\n    loading=\"lazy\"\n    referrerpolicy=\"no-referrer-when-downgrade\">\n  <\/iframe>\n<\/div>\t\t\t\t<\/div>\n\t\t\t\t<\/div>\n\t\t<div class=\"elementor-element elementor-element-58c8029 e-con-full e-flex e-con e-child\" data-id=\"58c8029\" data-element_type=\"container\" data-e-type=\"container\">\n\t\t\t\t<div class=\"elementor-element elementor-element-c55d92b elementor-widget elementor-widget-heading\" data-id=\"c55d92b\" data-element_type=\"widget\" data-e-type=\"widget\" data-widget_type=\"heading.default\">\n\t\t\t\t\t<h6 class=\"elementor-heading-title elementor-size-default\">12 Marca 230, Wejherowo<\/h6>\t\t\t\t<\/div>\n\t\t\t\t<div class=\"elementor-element elementor-element-15b1711 op7 elementor-widget elementor-widget-heading\" data-id=\"15b1711\" data-element_type=\"widget\" data-e-type=\"widget\" data-widget_type=\"heading.default\">\n\t\t\t\t\t<h6 class=\"elementor-heading-title elementor-size-default\">\u041f\u043e\u043d\u0435\u0434\u0456\u043b\u043e\u043a - \u043d\u0435\u0434\u0456\u043b\u044f: 09:00 - 20:00<\/h6>\t\t\t\t<\/div>\n\t\t\t\t<div class=\"elementor-element elementor-element-652ff96 elementor-widget elementor-widget-html\" data-id=\"652ff96\" data-element_type=\"widget\" data-e-type=\"widget\" data-widget_type=\"html.default\">\n\t\t\t\t\t<div style=\"width: 100%; height: 240px;\">\n  <iframe \n    src=\"https:\/\/www.google.com\/maps\/embed?pb=!1m18!1m12!1m3!1d2351.6159001368146!2d18.242892012238496!3d54.60252507943062!2m3!1f0!2f0!3f0!3m2!1i1024!2i768!4f13.1!3m3!1m2!1s0x46fdbb9f29e1e097%3A0x1bf5993ac2fb4445!2sKwiaciarnia%20OMNOM!5e0!3m2!1suk!2sua!4v1731585107760!5m2!1suk!2sua\" \n    width=\"100%\" \n    height=\"100%\" \n    style=\"border:0;\" \n    allowfullscreen=\"\" \n    loading=\"lazy\" \n    referrerpolicy=\"no-referrer-when-downgrade\">\n  <\/iframe>\n<\/div>\t\t\t\t<\/div>\n\t\t\t\t<\/div>\n\t\t<div class=\"elementor-element elementor-element-58a435f4 e-con-full e-flex e-con e-child\" data-id=\"58a435f4\" data-element_type=\"container\" data-e-type=\"container\">\n\t\t\t\t<div class=\"elementor-element elementor-element-7571d205 elementor-widget elementor-widget-heading\" data-id=\"7571d205\" data-element_type=\"widget\" data-e-type=\"widget\" data-widget_type=\"heading.default\">\n\t\t\t\t\t<h6 class=\"elementor-heading-title elementor-size-default\">\u041c\u0430\u044f\u043a 2, \u0413\u0434\u0430\u043d\u0441\u044c\u043a 80-835 <\/h6>\t\t\t\t<\/div>\n\t\t\t\t<div class=\"elementor-element elementor-element-68a5443a op7 elementor-widget elementor-widget-heading\" data-id=\"68a5443a\" data-element_type=\"widget\" data-e-type=\"widget\" data-widget_type=\"heading.default\">\n\t\t\t\t\t<h6 class=\"elementor-heading-title elementor-size-default\">\u041a\u0432\u044f\u0442\u043e\u043c\u0430\u0442 (24\/7)<\/h6>\t\t\t\t<\/div>\n\t\t\t\t<div class=\"elementor-element elementor-element-fed26a1 elementor-widget elementor-widget-html\" data-id=\"fed26a1\" data-element_type=\"widget\" data-e-type=\"widget\" data-widget_type=\"html.default\">\n\t\t\t\t\t<div style=\"width: 100%; height: 240px;\">\n  <iframe \n    src=\"https:\/\/www.google.com\/maps\/embed?pb=!1m18!1m12!1m3!1d2325.288104308233!2d18.64753651223383!3d54.35188977248363!2m3!1f0!2f0!3f0!3m2!1i1024!2i768!4f13.1!3m3!1m2!1s0x46fd7375807ba525%3A0x6b7b0dfc43b2f8f2!2zTGF0YXJuaWFuYSAyLCA4MC04MzQgR2RhxYRzaywg0J_QvtC70YzRidCw!5e0!3m2!1suk!2sua!4v1731590933475!5m2!1suk!2sua\" \n    width=\"100%\" \n    height=\"100%\" \n    style=\"border:0;\" \n    allowfullscreen=\"\" \n    loading=\"lazy\" \n    referrerpolicy=\"no-referrer-when-downgrade\">\n  <\/iframe>\n<\/div>\n\t\t\t\t<\/div>\n\t\t\t\t<\/div>\n\t\t\t\t<\/div>\n\t\t\t\t<\/div>\n\t\t\t\t<\/div>","protected":false},"excerpt":{"rendered":"<p>\u0417\u0432'\u044f\u0436\u0456\u0442\u044c\u0441\u044f \u0437 \u043d\u0430\u043c\u0438 \u041d\u0435 \u0441\u043e\u0440\u043e\u043c\u0442\u0435\u0441\u044f \u0437\u0432\u0435\u0440\u0442\u0430\u0442\u0438\u0441\u044f! \u041c\u0438 \u0433\u043e\u0442\u043e\u0432\u0456 \u0432\u0456\u0434\u043f\u043e\u0432\u0456\u0441\u0442\u0438 \u043d\u0430 \u0432\u0441\u0456 \u0432\u0430\u0448\u0456 \u0437\u0430\u043f\u0438\u0442\u0430\u043d\u043d\u044f \u0456 \u0434\u043e\u043f\u043e\u043c\u043e\u0433\u0442\u0438 \u0432\u0430\u043c \u0432\u0438\u0431\u0440\u0430\u0442\u0438 \u0456\u0434\u0435\u0430\u043b\u044c\u043d\u0456 \u043a\u0432\u0456\u0442\u0438 \u0434\u043b\u044f \u0431\u0443\u0434\u044c-\u044f\u043a\u043e\u0433\u043e<\/p>","protected":false},"author":3,"featured_media":0,"parent":0,"menu_order":0,"comment_status":"closed","ping_status":"closed","template":"","meta":{"footnotes":""},"class_list":["post-2793","page","type-page","status-publish","hentry"],"aioseo_notices":[],"_links":{"self":[{"href":"https:\/\/omnom.com.pl\/ua\/wp-json\/wp\/v2\/pages\/2793","targetHints":{"allow":["GET"]}}],"collection":[{"href":"https:\/\/omnom.com.pl\/ua\/wp-json\/wp\/v2\/pages"}],"about":[{"href":"https:\/\/omnom.com.pl\/ua\/wp-json\/wp\/v2\/types\/page"}],"author":[{"embeddable":true,"href":"https:\/\/omnom.com.pl\/ua\/wp-json\/wp\/v2\/users\/3"}],"replies":[{"embeddable":true,"href":"https:\/\/omnom.com.pl\/ua\/wp-json\/wp\/v2\/comments?post=2793"}],"version-history":[{"count":0,"href":"https:\/\/omnom.com.pl\/ua\/wp-json\/wp\/v2\/pages\/2793\/revisions"}],"wp:attachment":[{"href":"https:\/\/omnom.com.pl\/ua\/wp-json\/wp\/v2\/media?parent=2793"}],"curies":[{"name":"wp","href":"https:\/\/api.w.org\/{rel}","templated":true}]}}