{"id":31769,"date":"2026-05-05T16:22:12","date_gmt":"2026-05-05T14:22:12","guid":{"rendered":"https:\/\/omnom.com.pl\/?post_type=product&#038;p=31769"},"modified":"2026-05-05T17:29:58","modified_gmt":"2026-05-05T15:29:58","slug":"bukiet-z-piwonii-roz-julieta-hortensji-i-eustom","status":"publish","type":"product","link":"https:\/\/omnom.com.pl\/ru\/product\/bukiet-z-piwonii-roz-julieta-hortensji-i-eustom\/","title":{"rendered":"Bukiet z piwonii, r\u00f3\u017c Julieta, hortensji i eustom"},"content":{"rendered":"<p>\u041a\u0430\u0436\u0434\u044b\u0439 \u0431\u0443\u043a\u0435\u0442 \u0434\u043e\u0441\u0442\u0430\u0432\u043b\u044f\u0435\u0442\u0441\u044f \u0432 \u0430\u043a\u0432\u0430\u0431\u043e\u043a\u0441\u0435, \u043a\u043e\u0442\u043e\u0440\u044b\u0439 \u043e\u0431\u0435\u0441\u043f\u0435\u0447\u0438\u0432\u0430\u0435\u0442 \u043d\u0430\u0434\u043b\u0435\u0436\u0430\u0449\u0435\u0435 \u0443\u0432\u043b\u0430\u0436\u043d\u0435\u043d\u0438\u0435 \u0446\u0432\u0435\u0442\u043e\u0432, \u0438 \u0432 \u044d\u043b\u0435\u0433\u0430\u043d\u0442\u043d\u043e\u0439 \u0442\u0440\u0430\u043d\u0441\u043f\u043e\u0440\u0442\u043d\u043e\u0439 \u0441\u0443\u043c\u043a\u0435, \u0433\u0430\u0440\u0430\u043d\u0442\u0438\u0440\u0443\u044e\u0449\u0435\u0439 \u0431\u0435\u0437\u043e\u043f\u0430\u0441\u043d\u0443\u044e \u0438 \u044d\u0441\u0442\u0435\u0442\u0438\u0447\u043d\u0443\u044e \u0442\u0440\u0430\u043d\u0441\u043f\u043e\u0440\u0442\u0438\u0440\u043e\u0432\u043a\u0443.<\/p>","protected":false},"excerpt":{"rendered":"<h5>Pink Fairytale<!-- notionvc: 5e3d30ab-e656-43cd-b1d6-ed010993a28e --><br \/>\n<!-- notionvc: 3b139391-3103-4596-aa11-3f75c4836bab --><\/h5>\n<p>Wyj\u0105tkowo romantyczna i luksusowa kompozycja dla wyj\u0105tkowych chwil. Bujne piwonie i r\u00f3\u017ce Julieta, delikatne r\u00f3\u017cowe hortensje i zwiewne bia\u0142e eustomy tworz\u0105 razem bukiet pe\u0142en kobieco\u015bci, elegancji i g\u0142\u0119bokiego romantyzmu. Idealny na \u015blub, zar\u0119czyny, rocznic\u0119 lub ka\u017cd\u0105 chwil\u0119, gdy chcesz powiedzie\u0107 \u2014 kocham Ci\u0119 ca\u0142ym sercem.<!-- notionvc: b8d32191-6966-4155-9bf3-076dcf55eb8c --><br \/>\n<!-- notionvc: c15e535c-6d90-478f-8506-dfd0dc458279 --><\/p>\n<p><strong>\u041d\u0430 \u0444\u043e\u0442\u043e\u00a0<\/strong>\u0421\u043e\u0441\u0442\u0430\u0432 \u0432 \u0440\u0430\u0437\u043c\u0435\u0440\u0435 \u041c\u0430\u043b\u0435\u043d\u044c\u043a\u0438\u0439<\/p>","protected":false},"featured_media":31775,"template":"","meta":[],"product_brand":[],"product_cat":[31,319,30],"product_tag":[],"class_list":{"0":"post-31769","1":"product","2":"type-product","3":"status-publish","4":"has-post-thumbnail","6":"product_cat-mixy","7":"product_cat-piwonie-i-hortensje","8":"product_cat-kwiaty","10":"first","11":"instock","12":"shipping-taxable","13":"purchasable","14":"product-type-variable"},"aioseo_notices":[],"_links":{"self":[{"href":"https:\/\/omnom.com.pl\/ru\/wp-json\/wp\/v2\/product\/31769","targetHints":{"allow":["GET"]}}],"collection":[{"href":"https:\/\/omnom.com.pl\/ru\/wp-json\/wp\/v2\/product"}],"about":[{"href":"https:\/\/omnom.com.pl\/ru\/wp-json\/wp\/v2\/types\/product"}],"version-history":[{"count":0,"href":"https:\/\/omnom.com.pl\/ru\/wp-json\/wp\/v2\/product\/31769\/revisions"}],"wp:featuredmedia":[{"embeddable":true,"href":"https:\/\/omnom.com.pl\/ru\/wp-json\/wp\/v2\/media\/31775"}],"wp:attachment":[{"href":"https:\/\/omnom.com.pl\/ru\/wp-json\/wp\/v2\/media?parent=31769"}],"wp:term":[{"taxonomy":"product_brand","embeddable":true,"href":"https:\/\/omnom.com.pl\/ru\/wp-json\/wp\/v2\/product_brand?post=31769"},{"taxonomy":"product_cat","embeddable":true,"href":"https:\/\/omnom.com.pl\/ru\/wp-json\/wp\/v2\/product_cat?post=31769"},{"taxonomy":"product_tag","embeddable":true,"href":"https:\/\/omnom.com.pl\/ru\/wp-json\/wp\/v2\/product_tag?post=31769"}],"curies":[{"name":"wp","href":"https:\/\/api.w.org\/{rel}","templated":true}]}}