{"id":31722,"date":"2026-05-05T16:53:37","date_gmt":"2026-05-05T14:53:37","guid":{"rendered":"https:\/\/omnom.com.pl\/?post_type=product&#038;p=31722"},"modified":"2026-05-05T16:58:46","modified_gmt":"2026-05-05T14:58:46","slug":"bukiet-z-gozdzikow-i-eukaliptusa","status":"publish","type":"product","link":"https:\/\/omnom.com.pl\/ru\/product\/bukiet-z-gozdzikow-i-eukaliptusa\/","title":{"rendered":"Bukiet z go\u017adzik\u00f3w i eukaliptusa"},"content":{"rendered":"<p>\u041a\u0430\u0436\u0434\u044b\u0439 \u0431\u0443\u043a\u0435\u0442 \u0434\u043e\u0441\u0442\u0430\u0432\u043b\u044f\u0435\u0442\u0441\u044f \u0432 \u0430\u043a\u0432\u0430\u0431\u043e\u043a\u0441\u0435, \u043a\u043e\u0442\u043e\u0440\u044b\u0439 \u043e\u0431\u0435\u0441\u043f\u0435\u0447\u0438\u0432\u0430\u0435\u0442 \u043d\u0430\u0434\u043b\u0435\u0436\u0430\u0449\u0435\u0435 \u0443\u0432\u043b\u0430\u0436\u043d\u0435\u043d\u0438\u0435 \u0446\u0432\u0435\u0442\u043e\u0432, \u0438 \u0432 \u044d\u043b\u0435\u0433\u0430\u043d\u0442\u043d\u043e\u0439 \u0442\u0440\u0430\u043d\u0441\u043f\u043e\u0440\u0442\u043d\u043e\u0439 \u0441\u0443\u043c\u043a\u0435, \u0433\u0430\u0440\u0430\u043d\u0442\u0438\u0440\u0443\u044e\u0449\u0435\u0439 \u0431\u0435\u0437\u043e\u043f\u0430\u0441\u043d\u0443\u044e \u0438 \u044d\u0441\u0442\u0435\u0442\u0438\u0447\u043d\u0443\u044e \u0442\u0440\u0430\u043d\u0441\u043f\u043e\u0440\u0442\u0438\u0440\u043e\u0432\u043a\u0443.<\/p>","protected":false},"excerpt":{"rendered":"<h5>Daisy Illusion<!-- notionvc: 1d0e8c7c-003e-4693-a90f-f40307e51aac --><br \/>\n<!-- notionvc: 3b139391-3103-4596-aa11-3f75c4836bab --><\/h5>\n<p>Elegancka i aromatyczna kompozycja dla mi\u0142o\u015bnik\u00f3w natury. Klasyczne go\u017adziki w po\u0142\u0105czeniu z delikatnymi ga\u0142\u0105zkami eukaliptusa tworz\u0105 bukiet pe\u0142en \u015bwie\u017co\u015bci, naturalnego uroku i nowoczesnej elegancji. Doskona\u0142y wyb\u00f3r na ka\u017cd\u0105 okazj\u0119 \u2014 gdy chcesz podarowa\u0107 co\u015b pi\u0119knego i wyj\u0105tkowego.<!-- notionvc: bf27e5fd-9bd8-4f97-91bb-72473c4a92e2 --><br \/>\n<!-- notionvc: c15e535c-6d90-478f-8506-dfd0dc458279 --><\/p>\n<p><strong>\u041d\u0430 \u0444\u043e\u0442\u043e\u00a0<\/strong>\u0421\u043e\u0441\u0442\u0430\u0432 \u0432 \u0440\u0430\u0437\u043c\u0435\u0440\u0435 \u041c\u0430\u043b\u0435\u043d\u044c\u043a\u0438\u0439<\/p>","protected":false},"featured_media":31727,"template":"","meta":[],"product_brand":[],"product_cat":[33,30],"product_tag":[],"class_list":{"0":"post-31722","1":"product","2":"type-product","3":"status-publish","4":"has-post-thumbnail","6":"product_cat-monobukiety","7":"product_cat-kwiaty","9":"first","10":"instock","11":"shipping-taxable","12":"purchasable","13":"product-type-variable"},"aioseo_notices":[],"_links":{"self":[{"href":"https:\/\/omnom.com.pl\/ru\/wp-json\/wp\/v2\/product\/31722","targetHints":{"allow":["GET"]}}],"collection":[{"href":"https:\/\/omnom.com.pl\/ru\/wp-json\/wp\/v2\/product"}],"about":[{"href":"https:\/\/omnom.com.pl\/ru\/wp-json\/wp\/v2\/types\/product"}],"version-history":[{"count":0,"href":"https:\/\/omnom.com.pl\/ru\/wp-json\/wp\/v2\/product\/31722\/revisions"}],"wp:featuredmedia":[{"embeddable":true,"href":"https:\/\/omnom.com.pl\/ru\/wp-json\/wp\/v2\/media\/31727"}],"wp:attachment":[{"href":"https:\/\/omnom.com.pl\/ru\/wp-json\/wp\/v2\/media?parent=31722"}],"wp:term":[{"taxonomy":"product_brand","embeddable":true,"href":"https:\/\/omnom.com.pl\/ru\/wp-json\/wp\/v2\/product_brand?post=31722"},{"taxonomy":"product_cat","embeddable":true,"href":"https:\/\/omnom.com.pl\/ru\/wp-json\/wp\/v2\/product_cat?post=31722"},{"taxonomy":"product_tag","embeddable":true,"href":"https:\/\/omnom.com.pl\/ru\/wp-json\/wp\/v2\/product_tag?post=31722"}],"curies":[{"name":"wp","href":"https:\/\/api.w.org\/{rel}","templated":true}]}}