{"id":31705,"date":"2026-05-05T16:37:16","date_gmt":"2026-05-05T14:37:16","guid":{"rendered":"https:\/\/omnom.com.pl\/?post_type=product&#038;p=31705"},"modified":"2026-05-05T16:41:21","modified_gmt":"2026-05-05T14:41:21","slug":"bukiet-z-rozowych-roz-roz-piwoniowych-i-eustom","status":"publish","type":"product","link":"https:\/\/omnom.com.pl\/ru\/product\/bukiet-z-rozowych-roz-roz-piwoniowych-i-eustom\/","title":{"rendered":"Bukiet z r\u00f3\u017cowych r\u00f3\u017c, r\u00f3\u017c piwoniowych i eustom"},"content":{"rendered":"<p>\u041a\u0430\u0436\u0434\u044b\u0439 \u0431\u0443\u043a\u0435\u0442 \u0434\u043e\u0441\u0442\u0430\u0432\u043b\u044f\u0435\u0442\u0441\u044f \u0432 \u0430\u043a\u0432\u0430\u0431\u043e\u043a\u0441\u0435, \u043a\u043e\u0442\u043e\u0440\u044b\u0439 \u043e\u0431\u0435\u0441\u043f\u0435\u0447\u0438\u0432\u0430\u0435\u0442 \u043d\u0430\u0434\u043b\u0435\u0436\u0430\u0449\u0435\u0435 \u0443\u0432\u043b\u0430\u0436\u043d\u0435\u043d\u0438\u0435 \u0446\u0432\u0435\u0442\u043e\u0432, \u0438 \u0432 \u044d\u043b\u0435\u0433\u0430\u043d\u0442\u043d\u043e\u0439 \u0442\u0440\u0430\u043d\u0441\u043f\u043e\u0440\u0442\u043d\u043e\u0439 \u0441\u0443\u043c\u043a\u0435, \u0433\u0430\u0440\u0430\u043d\u0442\u0438\u0440\u0443\u044e\u0449\u0435\u0439 \u0431\u0435\u0437\u043e\u043f\u0430\u0441\u043d\u0443\u044e \u0438 \u044d\u0441\u0442\u0435\u0442\u0438\u0447\u043d\u0443\u044e \u0442\u0440\u0430\u043d\u0441\u043f\u043e\u0440\u0442\u0438\u0440\u043e\u0432\u043a\u0443.<\/p>","protected":false},"excerpt":{"rendered":"<h5>Pastel Romance<!-- notionvc: 444ec547-1dc1-4989-8f35-55d786c68424 --><br \/>\n<!-- notionvc: 3b139391-3103-4596-aa11-3f75c4836bab --><\/h5>\n<p>Wyrafinowana i romantyczna kompozycja utrzymana w delikatnej, pastelowej tonacji. R\u00f3\u017cowe r\u00f3\u017ce, kremowe be\u017cowe r\u00f3\u017ce piwoniowe i zwiewne bia\u0142e eustomy tworz\u0105 razem bukiet pe\u0142en kobieco\u015bci, elegancji i wyj\u0105tkowego uroku. Idealny na \u015blub, urodziny, rocznic\u0119 lub ka\u017cd\u0105 chwil\u0119, gdy chcesz podarowa\u0107 co\u015b truly wyj\u0105tkowego.<!-- notionvc: 3fbbf3ab-f30d-4edb-9033-4fd2b72816a0 --><br \/>\n<!-- notionvc: c15e535c-6d90-478f-8506-dfd0dc458279 --><\/p>\n<p><strong>\u041d\u0430 \u0444\u043e\u0442\u043e\u00a0<\/strong>\u0421\u043e\u0441\u0442\u0430\u0432 \u0441\u0440\u0435\u0434\u043d\u0435\u0433\u043e \u0440\u0430\u0437\u043c\u0435\u0440\u0430<\/p>","protected":false},"featured_media":31712,"template":"","meta":[],"product_brand":[],"product_cat":[31,30],"product_tag":[],"class_list":{"0":"post-31705","1":"product","2":"type-product","3":"status-publish","4":"has-post-thumbnail","6":"product_cat-mixy","7":"product_cat-kwiaty","9":"first","10":"instock","11":"shipping-taxable","12":"purchasable","13":"product-type-variable"},"aioseo_notices":[],"_links":{"self":[{"href":"https:\/\/omnom.com.pl\/ru\/wp-json\/wp\/v2\/product\/31705","targetHints":{"allow":["GET"]}}],"collection":[{"href":"https:\/\/omnom.com.pl\/ru\/wp-json\/wp\/v2\/product"}],"about":[{"href":"https:\/\/omnom.com.pl\/ru\/wp-json\/wp\/v2\/types\/product"}],"version-history":[{"count":0,"href":"https:\/\/omnom.com.pl\/ru\/wp-json\/wp\/v2\/product\/31705\/revisions"}],"wp:featuredmedia":[{"embeddable":true,"href":"https:\/\/omnom.com.pl\/ru\/wp-json\/wp\/v2\/media\/31712"}],"wp:attachment":[{"href":"https:\/\/omnom.com.pl\/ru\/wp-json\/wp\/v2\/media?parent=31705"}],"wp:term":[{"taxonomy":"product_brand","embeddable":true,"href":"https:\/\/omnom.com.pl\/ru\/wp-json\/wp\/v2\/product_brand?post=31705"},{"taxonomy":"product_cat","embeddable":true,"href":"https:\/\/omnom.com.pl\/ru\/wp-json\/wp\/v2\/product_cat?post=31705"},{"taxonomy":"product_tag","embeddable":true,"href":"https:\/\/omnom.com.pl\/ru\/wp-json\/wp\/v2\/product_tag?post=31705"}],"curies":[{"name":"wp","href":"https:\/\/api.w.org\/{rel}","templated":true}]}}