{"id":31623,"date":"2026-05-05T15:34:28","date_gmt":"2026-05-05T13:34:28","guid":{"rendered":"https:\/\/omnom.com.pl\/?post_type=product&#038;p=31623"},"modified":"2026-05-05T15:36:50","modified_gmt":"2026-05-05T13:36:50","slug":"bukiet-z-chryzantem-momoko-i-piwoniowych-roz-galazkowych","status":"publish","type":"product","link":"https:\/\/omnom.com.pl\/ru\/product\/bukiet-z-chryzantem-momoko-i-piwoniowych-roz-galazkowych\/","title":{"rendered":"Bukiet z chryzantem Momoko i piwoniowych r\u00f3\u017c ga\u0142\u0105zkowych"},"content":{"rendered":"<p>\u041a\u0430\u0436\u0434\u044b\u0439 \u0431\u0443\u043a\u0435\u0442 \u0434\u043e\u0441\u0442\u0430\u0432\u043b\u044f\u0435\u0442\u0441\u044f \u0432 \u0430\u043a\u0432\u0430\u0431\u043e\u043a\u0441\u0435, \u043a\u043e\u0442\u043e\u0440\u044b\u0439 \u043e\u0431\u0435\u0441\u043f\u0435\u0447\u0438\u0432\u0430\u0435\u0442 \u043d\u0430\u0434\u043b\u0435\u0436\u0430\u0449\u0435\u0435 \u0443\u0432\u043b\u0430\u0436\u043d\u0435\u043d\u0438\u0435 \u0446\u0432\u0435\u0442\u043e\u0432, \u0438 \u0432 \u044d\u043b\u0435\u0433\u0430\u043d\u0442\u043d\u043e\u0439 \u0442\u0440\u0430\u043d\u0441\u043f\u043e\u0440\u0442\u043d\u043e\u0439 \u0441\u0443\u043c\u043a\u0435, \u0433\u0430\u0440\u0430\u043d\u0442\u0438\u0440\u0443\u044e\u0449\u0435\u0439 \u0431\u0435\u0437\u043e\u043f\u0430\u0441\u043d\u0443\u044e \u0438 \u044d\u0441\u0442\u0435\u0442\u0438\u0447\u043d\u0443\u044e \u0442\u0440\u0430\u043d\u0441\u043f\u043e\u0440\u0442\u0438\u0440\u043e\u0432\u043a\u0443.<\/p>","protected":false},"excerpt":{"rendered":"<h5>Blush Romance<!-- notionvc: 034fd875-6cfd-4c70-b4c1-86e3abd89f23 --><br \/>\n<!-- notionvc: 3b139391-3103-4596-aa11-3f75c4836bab --><\/h5>\n<p>Romantyczna kompozycja utrzymana w delikatnej r\u00f3\u017cowej tonacji. Puszyste chryzantemy Momoko, bujne piwoniowe r\u00f3\u017ce krzaczaste i zwiewne chamelacium tworz\u0105 razem bukiet pe\u0142en kobieco\u015bci i elegancji. Idealny na urodziny, Dzie\u0144 Matki, rocznic\u0119 lub ka\u017cd\u0105 chwil\u0119, gdy chcesz powiedzie\u0107 \u2014 jeste\u015b wyj\u0105tkowa.<!-- notionvc: 314dd539-3d3e-4b72-a274-9e1196f489e2 --><br \/>\n<!-- notionvc: c15e535c-6d90-478f-8506-dfd0dc458279 --><\/p>\n<p><strong>\u041d\u0430 \u0444\u043e\u0442\u043e\u00a0<\/strong>\u0421\u043e\u0441\u0442\u0430\u0432 \u0441\u0440\u0435\u0434\u043d\u0435\u0433\u043e \u0440\u0430\u0437\u043c\u0435\u0440\u0430<\/p>","protected":false},"featured_media":31619,"template":"","meta":[],"product_brand":[],"product_cat":[31,30],"product_tag":[],"class_list":{"0":"post-31623","1":"product","2":"type-product","3":"status-publish","4":"has-post-thumbnail","6":"product_cat-mixy","7":"product_cat-kwiaty","9":"first","10":"instock","11":"shipping-taxable","12":"purchasable","13":"product-type-variable"},"aioseo_notices":[],"_links":{"self":[{"href":"https:\/\/omnom.com.pl\/ru\/wp-json\/wp\/v2\/product\/31623","targetHints":{"allow":["GET"]}}],"collection":[{"href":"https:\/\/omnom.com.pl\/ru\/wp-json\/wp\/v2\/product"}],"about":[{"href":"https:\/\/omnom.com.pl\/ru\/wp-json\/wp\/v2\/types\/product"}],"version-history":[{"count":0,"href":"https:\/\/omnom.com.pl\/ru\/wp-json\/wp\/v2\/product\/31623\/revisions"}],"wp:featuredmedia":[{"embeddable":true,"href":"https:\/\/omnom.com.pl\/ru\/wp-json\/wp\/v2\/media\/31619"}],"wp:attachment":[{"href":"https:\/\/omnom.com.pl\/ru\/wp-json\/wp\/v2\/media?parent=31623"}],"wp:term":[{"taxonomy":"product_brand","embeddable":true,"href":"https:\/\/omnom.com.pl\/ru\/wp-json\/wp\/v2\/product_brand?post=31623"},{"taxonomy":"product_cat","embeddable":true,"href":"https:\/\/omnom.com.pl\/ru\/wp-json\/wp\/v2\/product_cat?post=31623"},{"taxonomy":"product_tag","embeddable":true,"href":"https:\/\/omnom.com.pl\/ru\/wp-json\/wp\/v2\/product_tag?post=31623"}],"curies":[{"name":"wp","href":"https:\/\/api.w.org\/{rel}","templated":true}]}}