{"id":31582,"date":"2026-05-05T15:20:48","date_gmt":"2026-05-05T13:20:48","guid":{"rendered":"https:\/\/omnom.com.pl\/?post_type=product&#038;p=31582"},"modified":"2026-05-05T15:20:48","modified_gmt":"2026-05-05T13:20:48","slug":"bukiet-z-hortensji-gerber-galazkowych-roz-i-kwitnacych-galazek","status":"publish","type":"product","link":"https:\/\/omnom.com.pl\/ru\/product\/bukiet-z-hortensji-gerber-galazkowych-roz-i-kwitnacych-galazek\/","title":{"rendered":"Bukiet z  hortensji, gerber, ga\u0142\u0105zkowych r\u00f3\u017c i kwitn\u0105cych ga\u0142\u0105zek"},"content":{"rendered":"<p>\u041a\u0430\u0436\u0434\u044b\u0439 \u0431\u0443\u043a\u0435\u0442 \u0434\u043e\u0441\u0442\u0430\u0432\u043b\u044f\u0435\u0442\u0441\u044f \u0432 \u0430\u043a\u0432\u0430\u0431\u043e\u043a\u0441\u0435, \u043a\u043e\u0442\u043e\u0440\u044b\u0439 \u043e\u0431\u0435\u0441\u043f\u0435\u0447\u0438\u0432\u0430\u0435\u0442 \u043d\u0430\u0434\u043b\u0435\u0436\u0430\u0449\u0435\u0435 \u0443\u0432\u043b\u0430\u0436\u043d\u0435\u043d\u0438\u0435 \u0446\u0432\u0435\u0442\u043e\u0432, \u0438 \u0432 \u044d\u043b\u0435\u0433\u0430\u043d\u0442\u043d\u043e\u0439 \u0442\u0440\u0430\u043d\u0441\u043f\u043e\u0440\u0442\u043d\u043e\u0439 \u0441\u0443\u043c\u043a\u0435, \u0433\u0430\u0440\u0430\u043d\u0442\u0438\u0440\u0443\u044e\u0449\u0435\u0439 \u0431\u0435\u0437\u043e\u043f\u0430\u0441\u043d\u0443\u044e \u0438 \u044d\u0441\u0442\u0435\u0442\u0438\u0447\u043d\u0443\u044e \u0442\u0440\u0430\u043d\u0441\u043f\u043e\u0440\u0442\u0438\u0440\u043e\u0432\u043a\u0443.<\/p>","protected":false},"excerpt":{"rendered":"<h5>Verdant Grace<!-- notionvc: 3b139391-3103-4596-aa11-3f75c4836bab --><\/h5>\n<p>Bukiet tkany ze spokoju i s\u0142o\u0144ca. Soczyste zielone hortensje rozlewaj\u0105 si\u0119 jak poranna rosa na \u0142\u0105ce, otulaj\u0105c ca\u0142o\u015b\u0107 mi\u0119kkim, aksamitnym t\u0142em. Po\u015br\u00f3d nich promieniuj\u0105 bia\u0142e gerbery \u2014 czyste, szczere, pe\u0142ne \u015bwiat\u0142a jak dobre my\u015bli. Krzaczaste \u017c\u00f3\u0142te r\u00f3\u017ce wnosz\u0105 ciep\u0142o i rado\u015b\u0107, ka\u017cdy p\u0105k to ma\u0142a obietnica letniego szcz\u0119\u015bcia. Ca\u0142o\u015b\u0107 wie\u0144cz\u0105 kwitn\u0105ce ga\u0142\u0105zki \u2014 delikatne, ulotne, jak szept wiosny zatrzymany w czasie. To bukiet dla tych, kt\u00f3rzy kochaj\u0105 natur\u0119 w jej najpe\u0142niejszym wydaniu.<!-- notionvc: c15e535c-6d90-478f-8506-dfd0dc458279 --><\/p>\n<p><strong>\u041d\u0430 \u0444\u043e\u0442\u043e\u00a0<\/strong>\u0421\u043e\u0441\u0442\u0430\u0432 \u0441\u0440\u0435\u0434\u043d\u0435\u0433\u043e \u0440\u0430\u0437\u043c\u0435\u0440\u0430<\/p>","protected":false},"featured_media":31606,"template":"","meta":[],"product_brand":[],"product_cat":[31,319,30],"product_tag":[],"class_list":{"0":"post-31582","1":"product","2":"type-product","3":"status-publish","4":"has-post-thumbnail","6":"product_cat-mixy","7":"product_cat-piwonie-i-hortensje","8":"product_cat-kwiaty","10":"first","11":"instock","12":"shipping-taxable","13":"purchasable","14":"product-type-variable"},"aioseo_notices":[],"_links":{"self":[{"href":"https:\/\/omnom.com.pl\/ru\/wp-json\/wp\/v2\/product\/31582","targetHints":{"allow":["GET"]}}],"collection":[{"href":"https:\/\/omnom.com.pl\/ru\/wp-json\/wp\/v2\/product"}],"about":[{"href":"https:\/\/omnom.com.pl\/ru\/wp-json\/wp\/v2\/types\/product"}],"version-history":[{"count":0,"href":"https:\/\/omnom.com.pl\/ru\/wp-json\/wp\/v2\/product\/31582\/revisions"}],"wp:featuredmedia":[{"embeddable":true,"href":"https:\/\/omnom.com.pl\/ru\/wp-json\/wp\/v2\/media\/31606"}],"wp:attachment":[{"href":"https:\/\/omnom.com.pl\/ru\/wp-json\/wp\/v2\/media?parent=31582"}],"wp:term":[{"taxonomy":"product_brand","embeddable":true,"href":"https:\/\/omnom.com.pl\/ru\/wp-json\/wp\/v2\/product_brand?post=31582"},{"taxonomy":"product_cat","embeddable":true,"href":"https:\/\/omnom.com.pl\/ru\/wp-json\/wp\/v2\/product_cat?post=31582"},{"taxonomy":"product_tag","embeddable":true,"href":"https:\/\/omnom.com.pl\/ru\/wp-json\/wp\/v2\/product_tag?post=31582"}],"curies":[{"name":"wp","href":"https:\/\/api.w.org\/{rel}","templated":true}]}}