{"id":31821,"date":"2026-05-05T22:17:14","date_gmt":"2026-05-05T20:17:14","guid":{"rendered":"https:\/\/omnom.com.pl\/?post_type=product&#038;p=31821"},"modified":"2026-05-05T22:20:21","modified_gmt":"2026-05-05T20:20:21","slug":"bukiet-malinowych-galazkowych-roz","status":"publish","type":"product","link":"https:\/\/omnom.com.pl\/en\/product\/bukiet-malinowych-galazkowych-roz\/","title":{"rendered":"Bukiet malinowych ga\u0142\u0105zkowych r\u00f3\u017c"},"content":{"rendered":"<p>Each bouquet is delivered in an aquabox, which ensures that the flowers are properly hydrated, and in an elegant transport bag, guaranteeing safe and aesthetically pleasing transport.<\/p>","protected":false},"excerpt":{"rendered":"<h5>Hot pink<!-- notionvc: e4cda2a1-b44b-4442-b705-197e9021e512 --><br \/>\n<!-- notionvc: 3b139391-3103-4596-aa11-3f75c4836bab --><\/h5>\n<p>Spektakularny bukiet z ga\u0142\u0105zkowych r\u00f3\u017c w intensywnej barwie fuksji. Dziesi\u0105tki drobnych, doskona\u0142ych kwiat\u00f3w tworz\u0105 razem imponuj\u0105c\u0105, bujn\u0105 kompozycj\u0119 pe\u0142n\u0105 energii, nami\u0119tno\u015bci i wyj\u0105tkowego charakteru. Idealny, gdy chcesz zrobi\u0107 naprawd\u0119 wielkie wra\u017cenie \u2014 na urodziny, rocznic\u0119 lub po prostu by powiedzie\u0107 \u2014 jeste\u015b dla mnie ca\u0142ym \u015bwiatem.<!-- notionvc: 9cdf4d2b-244a-4ca6-8df0-8a471dd65d4b --><br \/>\n<!-- notionvc: c15e535c-6d90-478f-8506-dfd0dc458279 --><\/p>\n<p><strong>Pictured\u00a0<\/strong>kompozycja z 29 szt<\/p>","protected":false},"featured_media":31829,"template":"","meta":[],"product_brand":[],"product_cat":[33,30],"product_tag":[],"class_list":{"0":"post-31821","1":"product","2":"type-product","3":"status-publish","4":"has-post-thumbnail","6":"product_cat-monobukiety","7":"product_cat-kwiaty","9":"first","10":"instock","11":"shipping-taxable","12":"purchasable","13":"product-type-variable"},"aioseo_notices":[],"_links":{"self":[{"href":"https:\/\/omnom.com.pl\/en\/wp-json\/wp\/v2\/product\/31821","targetHints":{"allow":["GET"]}}],"collection":[{"href":"https:\/\/omnom.com.pl\/en\/wp-json\/wp\/v2\/product"}],"about":[{"href":"https:\/\/omnom.com.pl\/en\/wp-json\/wp\/v2\/types\/product"}],"version-history":[{"count":0,"href":"https:\/\/omnom.com.pl\/en\/wp-json\/wp\/v2\/product\/31821\/revisions"}],"wp:featuredmedia":[{"embeddable":true,"href":"https:\/\/omnom.com.pl\/en\/wp-json\/wp\/v2\/media\/31829"}],"wp:attachment":[{"href":"https:\/\/omnom.com.pl\/en\/wp-json\/wp\/v2\/media?parent=31821"}],"wp:term":[{"taxonomy":"product_brand","embeddable":true,"href":"https:\/\/omnom.com.pl\/en\/wp-json\/wp\/v2\/product_brand?post=31821"},{"taxonomy":"product_cat","embeddable":true,"href":"https:\/\/omnom.com.pl\/en\/wp-json\/wp\/v2\/product_cat?post=31821"},{"taxonomy":"product_tag","embeddable":true,"href":"https:\/\/omnom.com.pl\/en\/wp-json\/wp\/v2\/product_tag?post=31821"}],"curies":[{"name":"wp","href":"https:\/\/api.w.org\/{rel}","templated":true}]}}