{"id":31810,"date":"2026-05-05T22:11:14","date_gmt":"2026-05-05T20:11:14","guid":{"rendered":"https:\/\/omnom.com.pl\/?post_type=product&#038;p=31810"},"modified":"2026-05-05T22:15:11","modified_gmt":"2026-05-05T20:15:11","slug":"bukiet-roz-galazkowych-azora","status":"publish","type":"product","link":"https:\/\/omnom.com.pl\/en\/product\/bukiet-roz-galazkowych-azora\/","title":{"rendered":"Bukiet r\u00f3\u017c ga\u0142\u0105zkowych Azora"},"content":{"rendered":"<p>Each bouquet is delivered in an aquabox, which ensures that the flowers are properly hydrated, and in an elegant transport bag, guaranteeing safe and aesthetically pleasing transport.<\/p>","protected":false},"excerpt":{"rendered":"<h5>Azora<!-- notionvc: e290fdc9-dddc-46e8-b8e8-73d07023c818 --><br \/>\n<!-- notionvc: 3b139391-3103-4596-aa11-3f75c4836bab --><\/h5>\n<p>Wyj\u0105tkowa i pe\u0142na charakteru kompozycja z r\u00f3\u017c ga\u0142\u0105zkowych Azora. Ich bujne, wielokwiatowe ga\u0142\u0105zki tworz\u0105 naturalny, luksusowy bukiet pe\u0142en elegancji i niepowtarzalnego uroku. Doskona\u0142y wyb\u00f3r dla tych, kt\u00f3rzy szukaj\u0105 czego\u015b oryginalnego i naprawd\u0119 niezapomnianego.<!-- notionvc: 347b93c6-4929-4c57-9dbd-fb91c72ca20c --><br \/>\n<!-- notionvc: c15e535c-6d90-478f-8506-dfd0dc458279 --><\/p>\n<p><strong>Pictured\u00a0<\/strong>kompozycja z 29 szt<\/p>","protected":false},"featured_media":31819,"template":"","meta":[],"product_brand":[],"product_cat":[33,30],"product_tag":[],"class_list":{"0":"post-31810","1":"product","2":"type-product","3":"status-publish","4":"has-post-thumbnail","6":"product_cat-monobukiety","7":"product_cat-kwiaty","9":"first","10":"instock","11":"shipping-taxable","12":"purchasable","13":"product-type-variable"},"aioseo_notices":[],"_links":{"self":[{"href":"https:\/\/omnom.com.pl\/en\/wp-json\/wp\/v2\/product\/31810","targetHints":{"allow":["GET"]}}],"collection":[{"href":"https:\/\/omnom.com.pl\/en\/wp-json\/wp\/v2\/product"}],"about":[{"href":"https:\/\/omnom.com.pl\/en\/wp-json\/wp\/v2\/types\/product"}],"version-history":[{"count":0,"href":"https:\/\/omnom.com.pl\/en\/wp-json\/wp\/v2\/product\/31810\/revisions"}],"wp:featuredmedia":[{"embeddable":true,"href":"https:\/\/omnom.com.pl\/en\/wp-json\/wp\/v2\/media\/31819"}],"wp:attachment":[{"href":"https:\/\/omnom.com.pl\/en\/wp-json\/wp\/v2\/media?parent=31810"}],"wp:term":[{"taxonomy":"product_brand","embeddable":true,"href":"https:\/\/omnom.com.pl\/en\/wp-json\/wp\/v2\/product_brand?post=31810"},{"taxonomy":"product_cat","embeddable":true,"href":"https:\/\/omnom.com.pl\/en\/wp-json\/wp\/v2\/product_cat?post=31810"},{"taxonomy":"product_tag","embeddable":true,"href":"https:\/\/omnom.com.pl\/en\/wp-json\/wp\/v2\/product_tag?post=31810"}],"curies":[{"name":"wp","href":"https:\/\/api.w.org\/{rel}","templated":true}]}}