{"id":31795,"date":"2026-05-05T22:00:53","date_gmt":"2026-05-05T20:00:53","guid":{"rendered":"https:\/\/omnom.com.pl\/?post_type=product&#038;p=31795"},"modified":"2026-05-05T22:11:06","modified_gmt":"2026-05-05T20:11:06","slug":"bukiet-piwoniowych-roz-galazkowych-sweet-giselle","status":"publish","type":"product","link":"https:\/\/omnom.com.pl\/en\/product\/bukiet-piwoniowych-roz-galazkowych-sweet-giselle\/","title":{"rendered":"Bukiet piwoniowych r\u00f3\u017c ga\u0142\u0105zkowych Sweet Giselle"},"content":{"rendered":"<p>Each bouquet is delivered in an aquabox, which ensures that the flowers are properly hydrated, and in an elegant transport bag, guaranteeing safe and aesthetically pleasing transport.<\/p>","protected":false},"excerpt":{"rendered":"<h5>Sweet Giselle<!-- notionvc: 2025351b-8304-4bbf-a5b0-df67718e88f0 --><br \/>\n<!-- notionvc: 3b139391-3103-4596-aa11-3f75c4836bab --><\/h5>\n<p>Luksusowa kompozycja z wyj\u0105tkowych piwoniowych r\u00f3\u017c krzaczastych Sweet Giselle. Ich bujne, wielop\u0142atkowe kwiaty w delikatnej kremowo-r\u00f3\u017cowej tonacji tworz\u0105 bukiet pe\u0142en elegancji, kobieco\u015bci i ponadczasowego pi\u0119kna. Idealny na urodziny, Dzie\u0144 Matki, rocznic\u0119 lub ka\u017cd\u0105 chwil\u0119, gdy chcesz powiedzie\u0107 \u2014 jeste\u015b wyj\u0105tkowa.<!-- notionvc: 8a5572f5-5488-4dc6-a4f2-ff5bd99970bd --><br \/>\n<!-- notionvc: c15e535c-6d90-478f-8506-dfd0dc458279 --><\/p>\n<p><strong>Pictured\u00a0<\/strong>kompozycja z 29 szt<\/p>","protected":false},"featured_media":31806,"template":"","meta":[],"product_brand":[],"product_cat":[33,30],"product_tag":[],"class_list":{"0":"post-31795","1":"product","2":"type-product","3":"status-publish","4":"has-post-thumbnail","6":"product_cat-monobukiety","7":"product_cat-kwiaty","9":"first","10":"instock","11":"shipping-taxable","12":"purchasable","13":"product-type-variable"},"aioseo_notices":[],"_links":{"self":[{"href":"https:\/\/omnom.com.pl\/en\/wp-json\/wp\/v2\/product\/31795","targetHints":{"allow":["GET"]}}],"collection":[{"href":"https:\/\/omnom.com.pl\/en\/wp-json\/wp\/v2\/product"}],"about":[{"href":"https:\/\/omnom.com.pl\/en\/wp-json\/wp\/v2\/types\/product"}],"version-history":[{"count":0,"href":"https:\/\/omnom.com.pl\/en\/wp-json\/wp\/v2\/product\/31795\/revisions"}],"wp:featuredmedia":[{"embeddable":true,"href":"https:\/\/omnom.com.pl\/en\/wp-json\/wp\/v2\/media\/31806"}],"wp:attachment":[{"href":"https:\/\/omnom.com.pl\/en\/wp-json\/wp\/v2\/media?parent=31795"}],"wp:term":[{"taxonomy":"product_brand","embeddable":true,"href":"https:\/\/omnom.com.pl\/en\/wp-json\/wp\/v2\/product_brand?post=31795"},{"taxonomy":"product_cat","embeddable":true,"href":"https:\/\/omnom.com.pl\/en\/wp-json\/wp\/v2\/product_cat?post=31795"},{"taxonomy":"product_tag","embeddable":true,"href":"https:\/\/omnom.com.pl\/en\/wp-json\/wp\/v2\/product_tag?post=31795"}],"curies":[{"name":"wp","href":"https:\/\/api.w.org\/{rel}","templated":true}]}}