{"id":31787,"date":"2026-05-05T18:18:09","date_gmt":"2026-05-05T16:18:09","guid":{"rendered":"https:\/\/omnom.com.pl\/?post_type=product&#038;p=31787"},"modified":"2026-05-05T18:20:48","modified_gmt":"2026-05-05T16:20:48","slug":"bukiet-z-fioletowej-hortensji-roz-i-gerber","status":"publish","type":"product","link":"https:\/\/omnom.com.pl\/en\/product\/bukiet-z-fioletowej-hortensji-roz-i-gerber\/","title":{"rendered":"Bukiet z fioletowej hortensji, r\u00f3\u017c i gerber"},"content":{"rendered":"<p>Each bouquet is delivered in an aquabox, which ensures that the flowers are properly hydrated, and in an elegant transport bag, guaranteeing safe and aesthetically pleasing transport.<\/p>","protected":false},"excerpt":{"rendered":"<h5>Violet Peach<!-- notionvc: d8d16815-7c07-4159-8c3a-19e036a97f2f --><br \/>\n<!-- notionvc: 3b139391-3103-4596-aa11-3f75c4836bab --><\/h5>\n<p>Wyj\u0105tkowa i pe\u0142na charakteru kompozycja dla tych, kt\u00f3rzy kochaj\u0105 odwa\u017cne po\u0142\u0105czenia. Fioletowa hortensja, bujne r\u00f3\u017ce krzaczaste i delikatne brzoskwiniowe gerbery tworz\u0105 razem bukiet pe\u0142en elegancji, ciep\u0142a i artystycznego wyrafinowania. Doskona\u0142y wyb\u00f3r na urodziny, rocznic\u0119 lub ka\u017cd\u0105 chwil\u0119, gdy chcesz podarowa\u0107 co\u015b naprawd\u0119 niezapomnianego.<!-- notionvc: cfa13ba6-146f-4b91-b4de-80a4f518dfa9 --><br \/>\n<!-- notionvc: c15e535c-6d90-478f-8506-dfd0dc458279 --><\/p>\n<p><strong>Pictured\u00a0<\/strong>composition in size Small<\/p>","protected":false},"featured_media":31792,"template":"","meta":[],"product_brand":[],"product_cat":[31,30],"product_tag":[],"class_list":{"0":"post-31787","1":"product","2":"type-product","3":"status-publish","4":"has-post-thumbnail","6":"product_cat-mixy","7":"product_cat-kwiaty","9":"first","10":"instock","11":"shipping-taxable","12":"purchasable","13":"product-type-variable"},"aioseo_notices":[],"_links":{"self":[{"href":"https:\/\/omnom.com.pl\/en\/wp-json\/wp\/v2\/product\/31787","targetHints":{"allow":["GET"]}}],"collection":[{"href":"https:\/\/omnom.com.pl\/en\/wp-json\/wp\/v2\/product"}],"about":[{"href":"https:\/\/omnom.com.pl\/en\/wp-json\/wp\/v2\/types\/product"}],"version-history":[{"count":0,"href":"https:\/\/omnom.com.pl\/en\/wp-json\/wp\/v2\/product\/31787\/revisions"}],"wp:featuredmedia":[{"embeddable":true,"href":"https:\/\/omnom.com.pl\/en\/wp-json\/wp\/v2\/media\/31792"}],"wp:attachment":[{"href":"https:\/\/omnom.com.pl\/en\/wp-json\/wp\/v2\/media?parent=31787"}],"wp:term":[{"taxonomy":"product_brand","embeddable":true,"href":"https:\/\/omnom.com.pl\/en\/wp-json\/wp\/v2\/product_brand?post=31787"},{"taxonomy":"product_cat","embeddable":true,"href":"https:\/\/omnom.com.pl\/en\/wp-json\/wp\/v2\/product_cat?post=31787"},{"taxonomy":"product_tag","embeddable":true,"href":"https:\/\/omnom.com.pl\/en\/wp-json\/wp\/v2\/product_tag?post=31787"}],"curies":[{"name":"wp","href":"https:\/\/api.w.org\/{rel}","templated":true}]}}