{"id":31778,"date":"2026-05-05T17:32:13","date_gmt":"2026-05-05T15:32:13","guid":{"rendered":"https:\/\/omnom.com.pl\/?post_type=product&#038;p=31778"},"modified":"2026-05-05T17:36:14","modified_gmt":"2026-05-05T15:36:14","slug":"bukiet-z-angielskich-roz-gozdzikow-i-bialych-gerber","status":"publish","type":"product","link":"https:\/\/omnom.com.pl\/en\/product\/bukiet-z-angielskich-roz-gozdzikow-i-bialych-gerber\/","title":{"rendered":"Bukiet z angielskich r\u00f3\u017c, go\u017adzik\u00f3w i bia\u0142ych gerber"},"content":{"rendered":"<p>Each bouquet is delivered in an aquabox, which ensures that the flowers are properly hydrated, and in an elegant transport bag, guaranteeing safe and aesthetically pleasing transport.<\/p>","protected":false},"excerpt":{"rendered":"<h5>Chelsea Garden<!-- notionvc: db057930-8aac-46ab-8efc-0cb554e9a4a6 --><br \/>\n<!-- notionvc: 3b139391-3103-4596-aa11-3f75c4836bab --><\/h5>\n<p>Klasyczna i wyrafinowana kompozycja inspirowana angielskim ogrodem. Szlachetne angielskie r\u00f3\u017ce, eleganckie go\u017adziki i promienne bia\u0142e gerbery tworz\u0105 razem bukiet pe\u0142en tradycyjnej elegancji, \u015bwie\u017co\u015bci i wyj\u0105tkowego uroku. Doskona\u0142y wyb\u00f3r na ka\u017cd\u0105 wyj\u0105tkow\u0105 okazj\u0119 \u2014 gdy chcesz podarowa\u0107 co\u015b naprawd\u0119 pi\u0119knego i niezapomnianego.<!-- notionvc: 95322ab0-22df-40be-9f84-55c4db3efbe1 --><br \/>\n<!-- notionvc: c15e535c-6d90-478f-8506-dfd0dc458279 --><\/p>\n<p><strong>Pictured\u00a0<\/strong>composition in size Small<\/p>","protected":false},"featured_media":31783,"template":"","meta":[],"product_brand":[],"product_cat":[31,30],"product_tag":[],"class_list":{"0":"post-31778","1":"product","2":"type-product","3":"status-publish","4":"has-post-thumbnail","6":"product_cat-mixy","7":"product_cat-kwiaty","9":"first","10":"instock","11":"shipping-taxable","12":"purchasable","13":"product-type-variable"},"aioseo_notices":[],"_links":{"self":[{"href":"https:\/\/omnom.com.pl\/en\/wp-json\/wp\/v2\/product\/31778","targetHints":{"allow":["GET"]}}],"collection":[{"href":"https:\/\/omnom.com.pl\/en\/wp-json\/wp\/v2\/product"}],"about":[{"href":"https:\/\/omnom.com.pl\/en\/wp-json\/wp\/v2\/types\/product"}],"version-history":[{"count":0,"href":"https:\/\/omnom.com.pl\/en\/wp-json\/wp\/v2\/product\/31778\/revisions"}],"wp:featuredmedia":[{"embeddable":true,"href":"https:\/\/omnom.com.pl\/en\/wp-json\/wp\/v2\/media\/31783"}],"wp:attachment":[{"href":"https:\/\/omnom.com.pl\/en\/wp-json\/wp\/v2\/media?parent=31778"}],"wp:term":[{"taxonomy":"product_brand","embeddable":true,"href":"https:\/\/omnom.com.pl\/en\/wp-json\/wp\/v2\/product_brand?post=31778"},{"taxonomy":"product_cat","embeddable":true,"href":"https:\/\/omnom.com.pl\/en\/wp-json\/wp\/v2\/product_cat?post=31778"},{"taxonomy":"product_tag","embeddable":true,"href":"https:\/\/omnom.com.pl\/en\/wp-json\/wp\/v2\/product_tag?post=31778"}],"curies":[{"name":"wp","href":"https:\/\/api.w.org\/{rel}","templated":true}]}}