{"id":31769,"date":"2026-05-05T16:22:12","date_gmt":"2026-05-05T14:22:12","guid":{"rendered":"https:\/\/omnom.com.pl\/?post_type=product&#038;p=31769"},"modified":"2026-05-05T17:29:58","modified_gmt":"2026-05-05T15:29:58","slug":"bukiet-z-piwonii-roz-julieta-hortensji-i-eustom","status":"publish","type":"product","link":"https:\/\/omnom.com.pl\/en\/product\/bukiet-z-piwonii-roz-julieta-hortensji-i-eustom\/","title":{"rendered":"Bukiet z piwonii, r\u00f3\u017c Julieta, hortensji i eustom"},"content":{"rendered":"<p>Each bouquet is delivered in an aquabox, which ensures that the flowers are properly hydrated, and in an elegant transport bag, guaranteeing safe and aesthetically pleasing transport.<\/p>","protected":false},"excerpt":{"rendered":"<h5>Pink Fairytale<!-- notionvc: 5e3d30ab-e656-43cd-b1d6-ed010993a28e --><br \/>\n<!-- notionvc: 3b139391-3103-4596-aa11-3f75c4836bab --><\/h5>\n<p>Wyj\u0105tkowo romantyczna i luksusowa kompozycja dla wyj\u0105tkowych chwil. Bujne piwonie i r\u00f3\u017ce Julieta, delikatne r\u00f3\u017cowe hortensje i zwiewne bia\u0142e eustomy tworz\u0105 razem bukiet pe\u0142en kobieco\u015bci, elegancji i g\u0142\u0119bokiego romantyzmu. Idealny na \u015blub, zar\u0119czyny, rocznic\u0119 lub ka\u017cd\u0105 chwil\u0119, gdy chcesz powiedzie\u0107 \u2014 kocham Ci\u0119 ca\u0142ym sercem.<!-- notionvc: b8d32191-6966-4155-9bf3-076dcf55eb8c --><br \/>\n<!-- notionvc: c15e535c-6d90-478f-8506-dfd0dc458279 --><\/p>\n<p><strong>Pictured\u00a0<\/strong>composition in size Small<\/p>","protected":false},"featured_media":31775,"template":"","meta":[],"product_brand":[],"product_cat":[31,319,30],"product_tag":[],"class_list":{"0":"post-31769","1":"product","2":"type-product","3":"status-publish","4":"has-post-thumbnail","6":"product_cat-mixy","7":"product_cat-piwonie-i-hortensje","8":"product_cat-kwiaty","10":"first","11":"instock","12":"shipping-taxable","13":"purchasable","14":"product-type-variable"},"aioseo_notices":[],"_links":{"self":[{"href":"https:\/\/omnom.com.pl\/en\/wp-json\/wp\/v2\/product\/31769","targetHints":{"allow":["GET"]}}],"collection":[{"href":"https:\/\/omnom.com.pl\/en\/wp-json\/wp\/v2\/product"}],"about":[{"href":"https:\/\/omnom.com.pl\/en\/wp-json\/wp\/v2\/types\/product"}],"version-history":[{"count":0,"href":"https:\/\/omnom.com.pl\/en\/wp-json\/wp\/v2\/product\/31769\/revisions"}],"wp:featuredmedia":[{"embeddable":true,"href":"https:\/\/omnom.com.pl\/en\/wp-json\/wp\/v2\/media\/31775"}],"wp:attachment":[{"href":"https:\/\/omnom.com.pl\/en\/wp-json\/wp\/v2\/media?parent=31769"}],"wp:term":[{"taxonomy":"product_brand","embeddable":true,"href":"https:\/\/omnom.com.pl\/en\/wp-json\/wp\/v2\/product_brand?post=31769"},{"taxonomy":"product_cat","embeddable":true,"href":"https:\/\/omnom.com.pl\/en\/wp-json\/wp\/v2\/product_cat?post=31769"},{"taxonomy":"product_tag","embeddable":true,"href":"https:\/\/omnom.com.pl\/en\/wp-json\/wp\/v2\/product_tag?post=31769"}],"curies":[{"name":"wp","href":"https:\/\/api.w.org\/{rel}","templated":true}]}}