{"id":31750,"date":"2026-05-05T17:12:32","date_gmt":"2026-05-05T15:12:32","guid":{"rendered":"https:\/\/omnom.com.pl\/?post_type=product&#038;p=31750"},"modified":"2026-05-05T17:16:25","modified_gmt":"2026-05-05T15:16:25","slug":"bukiet-z-chryzantem-momoko-eustom-i-roz-piwoniowych","status":"publish","type":"product","link":"https:\/\/omnom.com.pl\/en\/product\/bukiet-z-chryzantem-momoko-eustom-i-roz-piwoniowych\/","title":{"rendered":"Bukiet z chryzantem Momoko, eustom i r\u00f3\u017c piwoniowych"},"content":{"rendered":"<p>Each bouquet is delivered in an aquabox, which ensures that the flowers are properly hydrated, and in an elegant transport bag, guaranteeing safe and aesthetically pleasing transport.<\/p>","protected":false},"excerpt":{"rendered":"<h5>Cream &amp; Blush<!-- notionvc: 537f22ab-14bc-44f3-94c3-4d41edfdde3d --><br \/>\n<!-- notionvc: 3b139391-3103-4596-aa11-3f75c4836bab --><\/h5>\n<p>Wyrafinowana kompozycja utrzymana w delikatnej, pastelowej tonacji. Puszyste r\u00f3\u017cowe chryzantemy Momoko, zwiewne bia\u0142e eustomy i kremowe be\u017cowe r\u00f3\u017ce piwoniowe tworz\u0105 razem bukiet pe\u0142en kobieco\u015bci, elegancji i wiosennej \u015bwie\u017co\u015bci. Idealny na urodziny, Dzie\u0144 Matki, rocznic\u0119 lub ka\u017cd\u0105 wyj\u0105tkow\u0105 chwil\u0119.<!-- notionvc: 5c3aeb5c-44cc-43ce-a504-e6b49c510c20 --><br \/>\n<!-- notionvc: c15e535c-6d90-478f-8506-dfd0dc458279 --><\/p>\n<p><strong>Pictured\u00a0<\/strong>composition in size Small<\/p>","protected":false},"featured_media":31755,"template":"","meta":[],"product_brand":[],"product_cat":[31,30],"product_tag":[],"class_list":{"0":"post-31750","1":"product","2":"type-product","3":"status-publish","4":"has-post-thumbnail","6":"product_cat-mixy","7":"product_cat-kwiaty","9":"first","10":"instock","11":"shipping-taxable","12":"purchasable","13":"product-type-variable"},"aioseo_notices":[],"_links":{"self":[{"href":"https:\/\/omnom.com.pl\/en\/wp-json\/wp\/v2\/product\/31750","targetHints":{"allow":["GET"]}}],"collection":[{"href":"https:\/\/omnom.com.pl\/en\/wp-json\/wp\/v2\/product"}],"about":[{"href":"https:\/\/omnom.com.pl\/en\/wp-json\/wp\/v2\/types\/product"}],"version-history":[{"count":0,"href":"https:\/\/omnom.com.pl\/en\/wp-json\/wp\/v2\/product\/31750\/revisions"}],"wp:featuredmedia":[{"embeddable":true,"href":"https:\/\/omnom.com.pl\/en\/wp-json\/wp\/v2\/media\/31755"}],"wp:attachment":[{"href":"https:\/\/omnom.com.pl\/en\/wp-json\/wp\/v2\/media?parent=31750"}],"wp:term":[{"taxonomy":"product_brand","embeddable":true,"href":"https:\/\/omnom.com.pl\/en\/wp-json\/wp\/v2\/product_brand?post=31750"},{"taxonomy":"product_cat","embeddable":true,"href":"https:\/\/omnom.com.pl\/en\/wp-json\/wp\/v2\/product_cat?post=31750"},{"taxonomy":"product_tag","embeddable":true,"href":"https:\/\/omnom.com.pl\/en\/wp-json\/wp\/v2\/product_tag?post=31750"}],"curies":[{"name":"wp","href":"https:\/\/api.w.org\/{rel}","templated":true}]}}