{"id":31731,"date":"2026-05-05T17:05:14","date_gmt":"2026-05-05T15:05:14","guid":{"rendered":"https:\/\/omnom.com.pl\/?post_type=product&#038;p=31731"},"modified":"2026-05-05T17:05:32","modified_gmt":"2026-05-05T15:05:32","slug":"bukiet-z-eustom-piwoniowych-roz-julieta-i-tulipanow","status":"publish","type":"product","link":"https:\/\/omnom.com.pl\/en\/product\/bukiet-z-eustom-piwoniowych-roz-julieta-i-tulipanow\/","title":{"rendered":"Bukiet z eustom, piwoniowych r\u00f3\u017c Julieta i tulipan\u00f3w"},"content":{"rendered":"<p>Each bouquet is delivered in an aquabox, which ensures that the flowers are properly hydrated, and in an elegant transport bag, guaranteeing safe and aesthetically pleasing transport.<\/p>","protected":false},"excerpt":{"rendered":"<h5>Love in Bloom<!-- notionvc: 496c9b41-4baa-4d67-bdf4-a0ecd4853c16 --><br \/>\n<!-- notionvc: 3b139391-3103-4596-aa11-3f75c4836bab --><\/h5>\n<p>Wyj\u0105tkowo romantyczna kompozycja dla wyj\u0105tkowych chwil. Zwiewne bia\u0142e eustomy, bujne piwoniowe r\u00f3\u017ce Julieta i delikatne r\u00f3\u017cowe tulipany tworz\u0105 razem bukiet pe\u0142en elegancji, kobieco\u015bci i wiosennego uroku. Idealny na \u015blub, zar\u0119czyny, rocznic\u0119 lub ka\u017cd\u0105 chwil\u0119, gdy chcesz powiedzie\u0107 \u2014 kocham Ci\u0119.<!-- notionvc: e264247f-face-4fac-a8b4-246d0bfb253e --><br \/>\n<!-- notionvc: c15e535c-6d90-478f-8506-dfd0dc458279 --><\/p>\n<p><strong>Pictured\u00a0<\/strong>composition in size Small<\/p>","protected":false},"featured_media":31738,"template":"","meta":[],"product_brand":[],"product_cat":[31,30],"product_tag":[],"class_list":{"0":"post-31731","1":"product","2":"type-product","3":"status-publish","4":"has-post-thumbnail","6":"product_cat-mixy","7":"product_cat-kwiaty","9":"first","10":"instock","11":"shipping-taxable","12":"purchasable","13":"product-type-variable"},"aioseo_notices":[],"_links":{"self":[{"href":"https:\/\/omnom.com.pl\/en\/wp-json\/wp\/v2\/product\/31731","targetHints":{"allow":["GET"]}}],"collection":[{"href":"https:\/\/omnom.com.pl\/en\/wp-json\/wp\/v2\/product"}],"about":[{"href":"https:\/\/omnom.com.pl\/en\/wp-json\/wp\/v2\/types\/product"}],"version-history":[{"count":0,"href":"https:\/\/omnom.com.pl\/en\/wp-json\/wp\/v2\/product\/31731\/revisions"}],"wp:featuredmedia":[{"embeddable":true,"href":"https:\/\/omnom.com.pl\/en\/wp-json\/wp\/v2\/media\/31738"}],"wp:attachment":[{"href":"https:\/\/omnom.com.pl\/en\/wp-json\/wp\/v2\/media?parent=31731"}],"wp:term":[{"taxonomy":"product_brand","embeddable":true,"href":"https:\/\/omnom.com.pl\/en\/wp-json\/wp\/v2\/product_brand?post=31731"},{"taxonomy":"product_cat","embeddable":true,"href":"https:\/\/omnom.com.pl\/en\/wp-json\/wp\/v2\/product_cat?post=31731"},{"taxonomy":"product_tag","embeddable":true,"href":"https:\/\/omnom.com.pl\/en\/wp-json\/wp\/v2\/product_tag?post=31731"}],"curies":[{"name":"wp","href":"https:\/\/api.w.org\/{rel}","templated":true}]}}