{"id":31722,"date":"2026-05-05T16:53:37","date_gmt":"2026-05-05T14:53:37","guid":{"rendered":"https:\/\/omnom.com.pl\/?post_type=product&#038;p=31722"},"modified":"2026-05-05T16:58:46","modified_gmt":"2026-05-05T14:58:46","slug":"bukiet-z-gozdzikow-i-eukaliptusa","status":"publish","type":"product","link":"https:\/\/omnom.com.pl\/en\/product\/bukiet-z-gozdzikow-i-eukaliptusa\/","title":{"rendered":"Bukiet z go\u017adzik\u00f3w i eukaliptusa"},"content":{"rendered":"<p>Each bouquet is delivered in an aquabox, which ensures that the flowers are properly hydrated, and in an elegant transport bag, guaranteeing safe and aesthetically pleasing transport.<\/p>","protected":false},"excerpt":{"rendered":"<h5>Daisy Illusion<!-- notionvc: 1d0e8c7c-003e-4693-a90f-f40307e51aac --><br \/>\n<!-- notionvc: 3b139391-3103-4596-aa11-3f75c4836bab --><\/h5>\n<p>Elegancka i aromatyczna kompozycja dla mi\u0142o\u015bnik\u00f3w natury. Klasyczne go\u017adziki w po\u0142\u0105czeniu z delikatnymi ga\u0142\u0105zkami eukaliptusa tworz\u0105 bukiet pe\u0142en \u015bwie\u017co\u015bci, naturalnego uroku i nowoczesnej elegancji. Doskona\u0142y wyb\u00f3r na ka\u017cd\u0105 okazj\u0119 \u2014 gdy chcesz podarowa\u0107 co\u015b pi\u0119knego i wyj\u0105tkowego.<!-- notionvc: bf27e5fd-9bd8-4f97-91bb-72473c4a92e2 --><br \/>\n<!-- notionvc: c15e535c-6d90-478f-8506-dfd0dc458279 --><\/p>\n<p><strong>Pictured\u00a0<\/strong>composition in size Small<\/p>","protected":false},"featured_media":31727,"template":"","meta":[],"product_brand":[],"product_cat":[33,30],"product_tag":[],"class_list":{"0":"post-31722","1":"product","2":"type-product","3":"status-publish","4":"has-post-thumbnail","6":"product_cat-monobukiety","7":"product_cat-kwiaty","9":"first","10":"instock","11":"shipping-taxable","12":"purchasable","13":"product-type-variable"},"aioseo_notices":[],"_links":{"self":[{"href":"https:\/\/omnom.com.pl\/en\/wp-json\/wp\/v2\/product\/31722","targetHints":{"allow":["GET"]}}],"collection":[{"href":"https:\/\/omnom.com.pl\/en\/wp-json\/wp\/v2\/product"}],"about":[{"href":"https:\/\/omnom.com.pl\/en\/wp-json\/wp\/v2\/types\/product"}],"version-history":[{"count":0,"href":"https:\/\/omnom.com.pl\/en\/wp-json\/wp\/v2\/product\/31722\/revisions"}],"wp:featuredmedia":[{"embeddable":true,"href":"https:\/\/omnom.com.pl\/en\/wp-json\/wp\/v2\/media\/31727"}],"wp:attachment":[{"href":"https:\/\/omnom.com.pl\/en\/wp-json\/wp\/v2\/media?parent=31722"}],"wp:term":[{"taxonomy":"product_brand","embeddable":true,"href":"https:\/\/omnom.com.pl\/en\/wp-json\/wp\/v2\/product_brand?post=31722"},{"taxonomy":"product_cat","embeddable":true,"href":"https:\/\/omnom.com.pl\/en\/wp-json\/wp\/v2\/product_cat?post=31722"},{"taxonomy":"product_tag","embeddable":true,"href":"https:\/\/omnom.com.pl\/en\/wp-json\/wp\/v2\/product_tag?post=31722"}],"curies":[{"name":"wp","href":"https:\/\/api.w.org\/{rel}","templated":true}]}}