{"id":31705,"date":"2026-05-05T16:37:16","date_gmt":"2026-05-05T14:37:16","guid":{"rendered":"https:\/\/omnom.com.pl\/?post_type=product&#038;p=31705"},"modified":"2026-05-05T16:41:21","modified_gmt":"2026-05-05T14:41:21","slug":"bukiet-z-rozowych-roz-roz-piwoniowych-i-eustom","status":"publish","type":"product","link":"https:\/\/omnom.com.pl\/en\/product\/bukiet-z-rozowych-roz-roz-piwoniowych-i-eustom\/","title":{"rendered":"Bukiet z r\u00f3\u017cowych r\u00f3\u017c, r\u00f3\u017c piwoniowych i eustom"},"content":{"rendered":"<p>Each bouquet is delivered in an aquabox, which ensures that the flowers are properly hydrated, and in an elegant transport bag, guaranteeing safe and aesthetically pleasing transport.<\/p>","protected":false},"excerpt":{"rendered":"<h5>Pastel Romance<!-- notionvc: 444ec547-1dc1-4989-8f35-55d786c68424 --><br \/>\n<!-- notionvc: 3b139391-3103-4596-aa11-3f75c4836bab --><\/h5>\n<p>Wyrafinowana i romantyczna kompozycja utrzymana w delikatnej, pastelowej tonacji. R\u00f3\u017cowe r\u00f3\u017ce, kremowe be\u017cowe r\u00f3\u017ce piwoniowe i zwiewne bia\u0142e eustomy tworz\u0105 razem bukiet pe\u0142en kobieco\u015bci, elegancji i wyj\u0105tkowego uroku. Idealny na \u015blub, urodziny, rocznic\u0119 lub ka\u017cd\u0105 chwil\u0119, gdy chcesz podarowa\u0107 co\u015b truly wyj\u0105tkowego.<!-- notionvc: 3fbbf3ab-f30d-4edb-9033-4fd2b72816a0 --><br \/>\n<!-- notionvc: c15e535c-6d90-478f-8506-dfd0dc458279 --><\/p>\n<p><strong>Pictured\u00a0<\/strong>Medium size composition<\/p>","protected":false},"featured_media":31712,"template":"","meta":[],"product_brand":[],"product_cat":[31,30],"product_tag":[],"class_list":{"0":"post-31705","1":"product","2":"type-product","3":"status-publish","4":"has-post-thumbnail","6":"product_cat-mixy","7":"product_cat-kwiaty","9":"first","10":"instock","11":"shipping-taxable","12":"purchasable","13":"product-type-variable"},"aioseo_notices":[],"_links":{"self":[{"href":"https:\/\/omnom.com.pl\/en\/wp-json\/wp\/v2\/product\/31705","targetHints":{"allow":["GET"]}}],"collection":[{"href":"https:\/\/omnom.com.pl\/en\/wp-json\/wp\/v2\/product"}],"about":[{"href":"https:\/\/omnom.com.pl\/en\/wp-json\/wp\/v2\/types\/product"}],"version-history":[{"count":0,"href":"https:\/\/omnom.com.pl\/en\/wp-json\/wp\/v2\/product\/31705\/revisions"}],"wp:featuredmedia":[{"embeddable":true,"href":"https:\/\/omnom.com.pl\/en\/wp-json\/wp\/v2\/media\/31712"}],"wp:attachment":[{"href":"https:\/\/omnom.com.pl\/en\/wp-json\/wp\/v2\/media?parent=31705"}],"wp:term":[{"taxonomy":"product_brand","embeddable":true,"href":"https:\/\/omnom.com.pl\/en\/wp-json\/wp\/v2\/product_brand?post=31705"},{"taxonomy":"product_cat","embeddable":true,"href":"https:\/\/omnom.com.pl\/en\/wp-json\/wp\/v2\/product_cat?post=31705"},{"taxonomy":"product_tag","embeddable":true,"href":"https:\/\/omnom.com.pl\/en\/wp-json\/wp\/v2\/product_tag?post=31705"}],"curies":[{"name":"wp","href":"https:\/\/api.w.org\/{rel}","templated":true}]}}