{"id":31671,"date":"2026-05-05T16:03:54","date_gmt":"2026-05-05T14:03:54","guid":{"rendered":"https:\/\/omnom.com.pl\/?post_type=product&#038;p=31671"},"modified":"2026-05-05T16:08:21","modified_gmt":"2026-05-05T14:08:21","slug":"bukiet-z-jaskrow-i-zoltych-roz-krzaczastych","status":"publish","type":"product","link":"https:\/\/omnom.com.pl\/en\/product\/bukiet-z-jaskrow-i-zoltych-roz-krzaczastych\/","title":{"rendered":"Bukiet z jaskr\u00f3w i \u017c\u00f3\u0142tych r\u00f3\u017c krzaczastych"},"content":{"rendered":"<p>Each bouquet is delivered in an aquabox, which ensures that the flowers are properly hydrated, and in an elegant transport bag, guaranteeing safe and aesthetically pleasing transport.<\/p>","protected":false},"excerpt":{"rendered":"<h5>Sunset Garden<!-- notionvc: 451482fa-6c07-4029-a181-f927b6412694 --><br \/>\n<!-- notionvc: 3b139391-3103-4596-aa11-3f75c4836bab --><\/h5>\n<p>Ciep\u0142a i energetyczna kompozycja dla mi\u0142o\u015bnik\u00f3w intensywnych barw. Bujne pomara\u0144czowe jaskry i s\u0142oneczne \u017c\u00f3\u0142te r\u00f3\u017ce krzaczaste tworz\u0105 razem bukiet pe\u0142en ciep\u0142a, rado\u015bci i jesiennej elegancji. Doskona\u0142y wyb\u00f3r na urodziny, podzi\u0119kowania lub by doda\u0107 komu\u015b energii i u\u015bmiechu.<!-- notionvc: 221f973c-7e34-4cc3-b2d4-39c9d97b7d08 --><br \/>\n<!-- notionvc: c15e535c-6d90-478f-8506-dfd0dc458279 --><\/p>\n<p><strong>Pictured\u00a0<\/strong>composition in size Small<\/p>","protected":false},"featured_media":31678,"template":"","meta":[],"product_brand":[],"product_cat":[31,30],"product_tag":[],"class_list":{"0":"post-31671","1":"product","2":"type-product","3":"status-publish","4":"has-post-thumbnail","6":"product_cat-mixy","7":"product_cat-kwiaty","9":"first","10":"instock","11":"shipping-taxable","12":"purchasable","13":"product-type-variable"},"aioseo_notices":[],"_links":{"self":[{"href":"https:\/\/omnom.com.pl\/en\/wp-json\/wp\/v2\/product\/31671","targetHints":{"allow":["GET"]}}],"collection":[{"href":"https:\/\/omnom.com.pl\/en\/wp-json\/wp\/v2\/product"}],"about":[{"href":"https:\/\/omnom.com.pl\/en\/wp-json\/wp\/v2\/types\/product"}],"version-history":[{"count":0,"href":"https:\/\/omnom.com.pl\/en\/wp-json\/wp\/v2\/product\/31671\/revisions"}],"wp:featuredmedia":[{"embeddable":true,"href":"https:\/\/omnom.com.pl\/en\/wp-json\/wp\/v2\/media\/31678"}],"wp:attachment":[{"href":"https:\/\/omnom.com.pl\/en\/wp-json\/wp\/v2\/media?parent=31671"}],"wp:term":[{"taxonomy":"product_brand","embeddable":true,"href":"https:\/\/omnom.com.pl\/en\/wp-json\/wp\/v2\/product_brand?post=31671"},{"taxonomy":"product_cat","embeddable":true,"href":"https:\/\/omnom.com.pl\/en\/wp-json\/wp\/v2\/product_cat?post=31671"},{"taxonomy":"product_tag","embeddable":true,"href":"https:\/\/omnom.com.pl\/en\/wp-json\/wp\/v2\/product_tag?post=31671"}],"curies":[{"name":"wp","href":"https:\/\/api.w.org\/{rel}","templated":true}]}}