{"id":31661,"date":"2026-05-05T15:57:51","date_gmt":"2026-05-05T13:57:51","guid":{"rendered":"https:\/\/omnom.com.pl\/?post_type=product&#038;p=31661"},"modified":"2026-05-05T16:02:52","modified_gmt":"2026-05-05T14:02:52","slug":"bukiet-z-gerber-rumiankow-i-roz-ogrodowych","status":"publish","type":"product","link":"https:\/\/omnom.com.pl\/en\/product\/bukiet-z-gerber-rumiankow-i-roz-ogrodowych\/","title":{"rendered":"Bukiet z gerber, rumiank\u00f3w i r\u00f3\u017c ogrodowych"},"content":{"rendered":"<p>Each bouquet is delivered in an aquabox, which ensures that the flowers are properly hydrated, and in an elegant transport bag, guaranteeing safe and aesthetically pleasing transport.<\/p>","protected":false},"excerpt":{"rendered":"<h5>Summer Meadow<!-- notionvc: 3b654e86-d76e-4a45-a5ac-e5f231f3e156 --><br \/>\n<!-- notionvc: 3b139391-3103-4596-aa11-3f75c4836bab --><\/h5>\n<p>S\u0142oneczna i pe\u0142na \u017cycia kompozycja inspirowana letnim ogrodem. Pomara\u0144czowe gerbery, delikatne rumianki i bujne ogrodowe r\u00f3\u017ce tworz\u0105 razem bukiet pe\u0142en ciep\u0142a, naturalnego uroku i radosnej energii. Idealny na urodziny, podzi\u0119kowania lub by po prostu roz\u015bwietli\u0107 czyj\u015b dzie\u0144.<!-- notionvc: 0a8cd40b-b692-4e5f-ab25-e505c4c87a3f --><br \/>\n<!-- notionvc: c15e535c-6d90-478f-8506-dfd0dc458279 --><\/p>\n<p><strong>Pictured\u00a0<\/strong>composition in size Small<\/p>","protected":false},"featured_media":31669,"template":"","meta":[],"product_brand":[],"product_cat":[31,30],"product_tag":[],"class_list":{"0":"post-31661","1":"product","2":"type-product","3":"status-publish","4":"has-post-thumbnail","6":"product_cat-mixy","7":"product_cat-kwiaty","9":"first","10":"instock","11":"shipping-taxable","12":"purchasable","13":"product-type-variable"},"aioseo_notices":[],"_links":{"self":[{"href":"https:\/\/omnom.com.pl\/en\/wp-json\/wp\/v2\/product\/31661","targetHints":{"allow":["GET"]}}],"collection":[{"href":"https:\/\/omnom.com.pl\/en\/wp-json\/wp\/v2\/product"}],"about":[{"href":"https:\/\/omnom.com.pl\/en\/wp-json\/wp\/v2\/types\/product"}],"version-history":[{"count":0,"href":"https:\/\/omnom.com.pl\/en\/wp-json\/wp\/v2\/product\/31661\/revisions"}],"wp:featuredmedia":[{"embeddable":true,"href":"https:\/\/omnom.com.pl\/en\/wp-json\/wp\/v2\/media\/31669"}],"wp:attachment":[{"href":"https:\/\/omnom.com.pl\/en\/wp-json\/wp\/v2\/media?parent=31661"}],"wp:term":[{"taxonomy":"product_brand","embeddable":true,"href":"https:\/\/omnom.com.pl\/en\/wp-json\/wp\/v2\/product_brand?post=31661"},{"taxonomy":"product_cat","embeddable":true,"href":"https:\/\/omnom.com.pl\/en\/wp-json\/wp\/v2\/product_cat?post=31661"},{"taxonomy":"product_tag","embeddable":true,"href":"https:\/\/omnom.com.pl\/en\/wp-json\/wp\/v2\/product_tag?post=31661"}],"curies":[{"name":"wp","href":"https:\/\/api.w.org\/{rel}","templated":true}]}}