{"id":31640,"date":"2026-05-05T15:45:16","date_gmt":"2026-05-05T13:45:16","guid":{"rendered":"https:\/\/omnom.com.pl\/?post_type=product&#038;p=31640"},"modified":"2026-05-05T15:51:04","modified_gmt":"2026-05-05T13:51:04","slug":"bukiet-ze-slonecznikami-i-zoltymi-gozdzikami","status":"publish","type":"product","link":"https:\/\/omnom.com.pl\/en\/product\/bukiet-ze-slonecznikami-i-zoltymi-gozdzikami\/","title":{"rendered":"Bukiet ze s\u0142onecznikami i \u017c\u00f3\u0142tymi go\u017adzikami"},"content":{"rendered":"<p>Each bouquet is delivered in an aquabox, which ensures that the flowers are properly hydrated, and in an elegant transport bag, guaranteeing safe and aesthetically pleasing transport.<\/p>","protected":false},"excerpt":{"rendered":"<h5>Yellow Joy<!-- notionvc: 94629f07-fbfc-4a48-b86c-aec02b0cec2c --><br \/>\n<!-- notionvc: 3b139391-3103-4596-aa11-3f75c4836bab --><\/h5>\n<p>S\u0142oneczna kompozycja pe\u0142na energii i pozytywnych wibracji. Okaza\u0142e s\u0142oneczniki i z\u0142ociste go\u017adziki tworz\u0105 razem bukiet, kt\u00f3ry przynosi u\u015bmiech i rado\u015b\u0107. Idealny na urodziny, podzi\u0119kowania lub po prostu \u2014 by roz\u015bwietli\u0107 czyj\u015b dzie\u0144 jak prawdziwe s\u0142o\u0144ce.<!-- notionvc: 1b70a15d-a861-4682-b576-c5bb12339d0a --><br \/>\n<!-- notionvc: c15e535c-6d90-478f-8506-dfd0dc458279 --><\/p>\n<p><strong>Pictured\u00a0<\/strong>composition in size Small<\/p>","protected":false},"featured_media":31648,"template":"","meta":[],"product_brand":[],"product_cat":[31,30],"product_tag":[],"class_list":{"0":"post-31640","1":"product","2":"type-product","3":"status-publish","4":"has-post-thumbnail","6":"product_cat-mixy","7":"product_cat-kwiaty","9":"first","10":"instock","11":"shipping-taxable","12":"purchasable","13":"product-type-variable"},"aioseo_notices":[],"_links":{"self":[{"href":"https:\/\/omnom.com.pl\/en\/wp-json\/wp\/v2\/product\/31640","targetHints":{"allow":["GET"]}}],"collection":[{"href":"https:\/\/omnom.com.pl\/en\/wp-json\/wp\/v2\/product"}],"about":[{"href":"https:\/\/omnom.com.pl\/en\/wp-json\/wp\/v2\/types\/product"}],"version-history":[{"count":0,"href":"https:\/\/omnom.com.pl\/en\/wp-json\/wp\/v2\/product\/31640\/revisions"}],"wp:featuredmedia":[{"embeddable":true,"href":"https:\/\/omnom.com.pl\/en\/wp-json\/wp\/v2\/media\/31648"}],"wp:attachment":[{"href":"https:\/\/omnom.com.pl\/en\/wp-json\/wp\/v2\/media?parent=31640"}],"wp:term":[{"taxonomy":"product_brand","embeddable":true,"href":"https:\/\/omnom.com.pl\/en\/wp-json\/wp\/v2\/product_brand?post=31640"},{"taxonomy":"product_cat","embeddable":true,"href":"https:\/\/omnom.com.pl\/en\/wp-json\/wp\/v2\/product_cat?post=31640"},{"taxonomy":"product_tag","embeddable":true,"href":"https:\/\/omnom.com.pl\/en\/wp-json\/wp\/v2\/product_tag?post=31640"}],"curies":[{"name":"wp","href":"https:\/\/api.w.org\/{rel}","templated":true}]}}