{"id":31634,"date":"2026-05-05T15:41:30","date_gmt":"2026-05-05T13:41:30","guid":{"rendered":"https:\/\/omnom.com.pl\/?post_type=product&#038;p=31634"},"modified":"2026-05-05T15:44:01","modified_gmt":"2026-05-05T13:44:01","slug":"bukiet-z-roz-galazkowych-cymbidium-i-rozowych-tulipanow","status":"publish","type":"product","link":"https:\/\/omnom.com.pl\/en\/product\/bukiet-z-roz-galazkowych-cymbidium-i-rozowych-tulipanow\/","title":{"rendered":"Bukiet z r\u00f3\u017c ga\u0142\u0105zkowych, cymbidium i r\u00f3\u017cowych tulipan\u00f3w"},"content":{"rendered":"<p>Each bouquet is delivered in an aquabox, which ensures that the flowers are properly hydrated, and in an elegant transport bag, guaranteeing safe and aesthetically pleasing transport.<\/p>","protected":false},"excerpt":{"rendered":"<h5>Soft Petal<!-- notionvc: fa4f93ec-35d9-4cac-8a52-747d37596664 --><br \/>\n<!-- notionvc: 3b139391-3103-4596-aa11-3f75c4836bab --><\/h5>\n<p>Elegancka kompozycja \u0142\u0105cz\u0105ca klasyk\u0119 z egzotyk\u0105. Bujne r\u00f3\u017ce krzaczaste, szlachetne bia\u0142e cymbidium i delikatne r\u00f3\u017cowe tulipany tworz\u0105 razem bukiet pe\u0142en wdzi\u0119ku i wyrafinowania. Doskona\u0142y wyb\u00f3r na wyj\u0105tkowe okazje \u2014 urodziny, rocznic\u0119 lub po prostu by sprawi\u0107 komu\u015b niezapomniany u\u015bmiech.<!-- notionvc: c10d363b-0405-4e47-a718-2f30a3be36fe --><br \/>\n<!-- notionvc: c15e535c-6d90-478f-8506-dfd0dc458279 --><\/p>\n<p><strong>Pictured\u00a0<\/strong>Medium size composition<\/p>","protected":false},"featured_media":31629,"template":"","meta":[],"product_brand":[],"product_cat":[31,30],"product_tag":[],"class_list":{"0":"post-31634","1":"product","2":"type-product","3":"status-publish","4":"has-post-thumbnail","6":"product_cat-mixy","7":"product_cat-kwiaty","9":"first","10":"instock","11":"shipping-taxable","12":"purchasable","13":"product-type-variable"},"aioseo_notices":[],"_links":{"self":[{"href":"https:\/\/omnom.com.pl\/en\/wp-json\/wp\/v2\/product\/31634","targetHints":{"allow":["GET"]}}],"collection":[{"href":"https:\/\/omnom.com.pl\/en\/wp-json\/wp\/v2\/product"}],"about":[{"href":"https:\/\/omnom.com.pl\/en\/wp-json\/wp\/v2\/types\/product"}],"version-history":[{"count":0,"href":"https:\/\/omnom.com.pl\/en\/wp-json\/wp\/v2\/product\/31634\/revisions"}],"wp:featuredmedia":[{"embeddable":true,"href":"https:\/\/omnom.com.pl\/en\/wp-json\/wp\/v2\/media\/31629"}],"wp:attachment":[{"href":"https:\/\/omnom.com.pl\/en\/wp-json\/wp\/v2\/media?parent=31634"}],"wp:term":[{"taxonomy":"product_brand","embeddable":true,"href":"https:\/\/omnom.com.pl\/en\/wp-json\/wp\/v2\/product_brand?post=31634"},{"taxonomy":"product_cat","embeddable":true,"href":"https:\/\/omnom.com.pl\/en\/wp-json\/wp\/v2\/product_cat?post=31634"},{"taxonomy":"product_tag","embeddable":true,"href":"https:\/\/omnom.com.pl\/en\/wp-json\/wp\/v2\/product_tag?post=31634"}],"curies":[{"name":"wp","href":"https:\/\/api.w.org\/{rel}","templated":true}]}}