{"id":31613,"date":"2026-05-05T15:24:37","date_gmt":"2026-05-05T13:24:37","guid":{"rendered":"https:\/\/omnom.com.pl\/?post_type=product&#038;p=31613"},"modified":"2026-05-05T15:26:44","modified_gmt":"2026-05-05T13:26:44","slug":"bukiet-z-rozowego-cymbidium-zoltych-gozdzikow-i-rozowych-santini","status":"publish","type":"product","link":"https:\/\/omnom.com.pl\/en\/product\/bukiet-z-rozowego-cymbidium-zoltych-gozdzikow-i-rozowych-santini\/","title":{"rendered":"Bukiet z r\u00f3\u017cowego cymbidium, \u017c\u00f3\u0142tych go\u017adzik\u00f3w i r\u00f3\u017cowych santini"},"content":{"rendered":"<p>Each bouquet is delivered in an aquabox, which ensures that the flowers are properly hydrated, and in an elegant transport bag, guaranteeing safe and aesthetically pleasing transport.<\/p>","protected":false},"excerpt":{"rendered":"<h5>Rose Orchid<!-- notionvc: 44337d08-7fee-4189-9f5e-16d533450554 --><br \/>\n<!-- notionvc: 3b139391-3103-4596-aa11-3f75c4836bab --><\/h5>\n<p>Wyrafinowana kompozycja dla wyj\u0105tkowych chwil. Egzotyczne r\u00f3\u017cowe cymbidium \u0142\u0105czy si\u0119 z ciep\u0142ymi \u017c\u00f3\u0142tymi go\u017adzikami i delikatnymi r\u00f3\u017cowymi santini, tworz\u0105c bukiet pe\u0142en elegancji i rado\u015bci. Doskona\u0142y wyb\u00f3r na urodziny, rocznic\u0119 lub po prostu \u2014 by sprawi\u0107 komu\u015b wyj\u0105tkow\u0105 niespodziank\u0119.<!-- notionvc: ba5525ac-c3e5-4241-805f-44fa1dfc6dc6 --><br \/>\n<!-- notionvc: c15e535c-6d90-478f-8506-dfd0dc458279 --><\/p>\n<p><strong>Pictured\u00a0<\/strong>composition in size Small<\/p>","protected":false},"featured_media":31612,"template":"","meta":[],"product_brand":[],"product_cat":[31,30],"product_tag":[],"class_list":{"0":"post-31613","1":"product","2":"type-product","3":"status-publish","4":"has-post-thumbnail","6":"product_cat-mixy","7":"product_cat-kwiaty","9":"first","10":"instock","11":"shipping-taxable","12":"purchasable","13":"product-type-variable"},"aioseo_notices":[],"_links":{"self":[{"href":"https:\/\/omnom.com.pl\/en\/wp-json\/wp\/v2\/product\/31613","targetHints":{"allow":["GET"]}}],"collection":[{"href":"https:\/\/omnom.com.pl\/en\/wp-json\/wp\/v2\/product"}],"about":[{"href":"https:\/\/omnom.com.pl\/en\/wp-json\/wp\/v2\/types\/product"}],"version-history":[{"count":0,"href":"https:\/\/omnom.com.pl\/en\/wp-json\/wp\/v2\/product\/31613\/revisions"}],"wp:featuredmedia":[{"embeddable":true,"href":"https:\/\/omnom.com.pl\/en\/wp-json\/wp\/v2\/media\/31612"}],"wp:attachment":[{"href":"https:\/\/omnom.com.pl\/en\/wp-json\/wp\/v2\/media?parent=31613"}],"wp:term":[{"taxonomy":"product_brand","embeddable":true,"href":"https:\/\/omnom.com.pl\/en\/wp-json\/wp\/v2\/product_brand?post=31613"},{"taxonomy":"product_cat","embeddable":true,"href":"https:\/\/omnom.com.pl\/en\/wp-json\/wp\/v2\/product_cat?post=31613"},{"taxonomy":"product_tag","embeddable":true,"href":"https:\/\/omnom.com.pl\/en\/wp-json\/wp\/v2\/product_tag?post=31613"}],"curies":[{"name":"wp","href":"https:\/\/api.w.org\/{rel}","templated":true}]}}