{"id":31582,"date":"2026-05-05T15:20:48","date_gmt":"2026-05-05T13:20:48","guid":{"rendered":"https:\/\/omnom.com.pl\/?post_type=product&#038;p=31582"},"modified":"2026-05-05T15:20:48","modified_gmt":"2026-05-05T13:20:48","slug":"bukiet-z-hortensji-gerber-galazkowych-roz-i-kwitnacych-galazek","status":"publish","type":"product","link":"https:\/\/omnom.com.pl\/en\/product\/bukiet-z-hortensji-gerber-galazkowych-roz-i-kwitnacych-galazek\/","title":{"rendered":"Bukiet z  hortensji, gerber, ga\u0142\u0105zkowych r\u00f3\u017c i kwitn\u0105cych ga\u0142\u0105zek"},"content":{"rendered":"<p>Each bouquet is delivered in an aquabox, which ensures that the flowers are properly hydrated, and in an elegant transport bag, guaranteeing safe and aesthetically pleasing transport.<\/p>","protected":false},"excerpt":{"rendered":"<h5>Verdant Grace<!-- notionvc: 3b139391-3103-4596-aa11-3f75c4836bab --><\/h5>\n<p>Bukiet tkany ze spokoju i s\u0142o\u0144ca. Soczyste zielone hortensje rozlewaj\u0105 si\u0119 jak poranna rosa na \u0142\u0105ce, otulaj\u0105c ca\u0142o\u015b\u0107 mi\u0119kkim, aksamitnym t\u0142em. Po\u015br\u00f3d nich promieniuj\u0105 bia\u0142e gerbery \u2014 czyste, szczere, pe\u0142ne \u015bwiat\u0142a jak dobre my\u015bli. Krzaczaste \u017c\u00f3\u0142te r\u00f3\u017ce wnosz\u0105 ciep\u0142o i rado\u015b\u0107, ka\u017cdy p\u0105k to ma\u0142a obietnica letniego szcz\u0119\u015bcia. Ca\u0142o\u015b\u0107 wie\u0144cz\u0105 kwitn\u0105ce ga\u0142\u0105zki \u2014 delikatne, ulotne, jak szept wiosny zatrzymany w czasie. To bukiet dla tych, kt\u00f3rzy kochaj\u0105 natur\u0119 w jej najpe\u0142niejszym wydaniu.<!-- notionvc: c15e535c-6d90-478f-8506-dfd0dc458279 --><\/p>\n<p><strong>Pictured\u00a0<\/strong>Medium size composition<\/p>","protected":false},"featured_media":31606,"template":"","meta":[],"product_brand":[],"product_cat":[31,319,30],"product_tag":[],"class_list":{"0":"post-31582","1":"product","2":"type-product","3":"status-publish","4":"has-post-thumbnail","6":"product_cat-mixy","7":"product_cat-piwonie-i-hortensje","8":"product_cat-kwiaty","10":"first","11":"instock","12":"shipping-taxable","13":"purchasable","14":"product-type-variable"},"aioseo_notices":[],"_links":{"self":[{"href":"https:\/\/omnom.com.pl\/en\/wp-json\/wp\/v2\/product\/31582","targetHints":{"allow":["GET"]}}],"collection":[{"href":"https:\/\/omnom.com.pl\/en\/wp-json\/wp\/v2\/product"}],"about":[{"href":"https:\/\/omnom.com.pl\/en\/wp-json\/wp\/v2\/types\/product"}],"version-history":[{"count":0,"href":"https:\/\/omnom.com.pl\/en\/wp-json\/wp\/v2\/product\/31582\/revisions"}],"wp:featuredmedia":[{"embeddable":true,"href":"https:\/\/omnom.com.pl\/en\/wp-json\/wp\/v2\/media\/31606"}],"wp:attachment":[{"href":"https:\/\/omnom.com.pl\/en\/wp-json\/wp\/v2\/media?parent=31582"}],"wp:term":[{"taxonomy":"product_brand","embeddable":true,"href":"https:\/\/omnom.com.pl\/en\/wp-json\/wp\/v2\/product_brand?post=31582"},{"taxonomy":"product_cat","embeddable":true,"href":"https:\/\/omnom.com.pl\/en\/wp-json\/wp\/v2\/product_cat?post=31582"},{"taxonomy":"product_tag","embeddable":true,"href":"https:\/\/omnom.com.pl\/en\/wp-json\/wp\/v2\/product_tag?post=31582"}],"curies":[{"name":"wp","href":"https:\/\/api.w.org\/{rel}","templated":true}]}}