{"id":30947,"date":"2026-03-05T15:33:58","date_gmt":"2026-03-05T14:33:58","guid":{"rendered":"https:\/\/omnom.com.pl\/?post_type=product&#038;p=30947"},"modified":"2026-03-05T15:34:31","modified_gmt":"2026-03-05T14:34:31","slug":"tulipany-piwoniowe-mix","status":"publish","type":"product","link":"https:\/\/omnom.com.pl\/en\/product\/tulipany-piwoniowe-mix\/","title":{"rendered":"Peony tulips mix"},"content":{"rendered":"<p>Each bouquet is delivered in an aquabox, which ensures that the flowers are properly hydrated, and in an elegant transport bag, guaranteeing safe and aesthetically pleasing transport.<\/p>","protected":false},"excerpt":{"rendered":"<p class=\"p1\">The bouquet impresses with its volume and lightness.<\/p>\n<p class=\"p1\">Tulipany piwoniowe mix, starannie u\u0142o\u017cone, tworz\u0105 kwiatow\u0105 fal\u0119 pe\u0142n\u0105 wdzi\u0119ku i romantyzmu. Delikatne p\u0142atki w pastelowych oraz intensywnych odcieniach nadaj\u0105 kompozycji \u015bwie\u017co\u015bci i elegancji.<\/p>\n<p class=\"p1\">It is a timeless choice - ideal for a gift, an expression of gratitude or a subtle \u201eI'm thinking of you\u201d.<\/p>","protected":false},"featured_media":30946,"template":"","meta":[],"product_brand":[],"product_cat":[289,33,30,318],"product_tag":[],"class_list":{"0":"post-30947","1":"product","2":"type-product","3":"status-publish","4":"has-post-thumbnail","6":"product_cat-dzien-mamy-26-maja","7":"product_cat-monobukiety","8":"product_cat-kwiaty","9":"product_cat-tulipany","11":"first","12":"instock","13":"shipping-taxable","14":"purchasable","15":"product-type-variable"},"aioseo_notices":[],"_links":{"self":[{"href":"https:\/\/omnom.com.pl\/en\/wp-json\/wp\/v2\/product\/30947","targetHints":{"allow":["GET"]}}],"collection":[{"href":"https:\/\/omnom.com.pl\/en\/wp-json\/wp\/v2\/product"}],"about":[{"href":"https:\/\/omnom.com.pl\/en\/wp-json\/wp\/v2\/types\/product"}],"version-history":[{"count":0,"href":"https:\/\/omnom.com.pl\/en\/wp-json\/wp\/v2\/product\/30947\/revisions"}],"wp:featuredmedia":[{"embeddable":true,"href":"https:\/\/omnom.com.pl\/en\/wp-json\/wp\/v2\/media\/30946"}],"wp:attachment":[{"href":"https:\/\/omnom.com.pl\/en\/wp-json\/wp\/v2\/media?parent=30947"}],"wp:term":[{"taxonomy":"product_brand","embeddable":true,"href":"https:\/\/omnom.com.pl\/en\/wp-json\/wp\/v2\/product_brand?post=30947"},{"taxonomy":"product_cat","embeddable":true,"href":"https:\/\/omnom.com.pl\/en\/wp-json\/wp\/v2\/product_cat?post=30947"},{"taxonomy":"product_tag","embeddable":true,"href":"https:\/\/omnom.com.pl\/en\/wp-json\/wp\/v2\/product_tag?post=30947"}],"curies":[{"name":"wp","href":"https:\/\/api.w.org\/{rel}","templated":true}]}}